{"id":4215,"date":"2024-02-07T13:41:53","date_gmt":"2024-02-07T04:41:53","guid":{"rendered":"https:\/\/s.theasiantrip.com\/?page_id=4215"},"modified":"2025-10-08T19:47:47","modified_gmt":"2025-10-08T14:17:47","slug":"agb","status":"publish","type":"page","link":"https:\/\/theasiantrip.com\/de\/agb\/","title":{"rendered":"AGB"},"content":{"rendered":"<p>[vc_row][vc_column][vc_column_text]<span style=\"color: #4f3118;\"><b>Allgemeine Gesch\u00e4fts- und Nutzungsbedingungen<\/b><\/span><\/p>\n<p><span style=\"font-weight: 400; color: #4f3118;\">The asian trip ist eine Marke von Asian Exclusive Travel Pvt. Ltd.<\/span><\/p>\n<p>&nbsp;<\/p>\n<p><span style=\"color: #4f3118;\"><b>I. Allgemeines, Geltungsbereich und \u00c4nderung der Nutzungsbedingungen<\/b><\/span><\/p>\n<p><span style=\"font-weight: 400; color: #4f3118;\">Geltungsbereich<\/span><\/p>\n<ol>\n<li style=\"font-weight: 400;\" aria-level=\"1\"><span style=\"color: #4f3118;\"><span style=\"font-weight: 400;\">Diese AGB gelten f\u00fcr alle Vertr\u00e4ge zwischen the asian trip<\/span>\u00a0<span style=\"font-weight: 400;\">und dem Auftraggeber im Bereich von Incomingleistungen wie z. B. Individualreisen, Aktiv- und Erlebnisreisen, Yogareisen, Pilgereisen, die von the asian trip konzipiert, geplant und organisiert werden (im Folgenden \u201eVeranstaltungen\u201c). Sie gelten ebenfalls nicht f\u00fcr Incomingleistungen, die von the asian trip lediglich vermittelt werden.<\/span><\/span><\/li>\n<li style=\"font-weight: 400;\" aria-level=\"1\"><span style=\"font-weight: 400; color: #4f3118;\">Allgemeine Gesch\u00e4ftsbedingungen des Auftraggebers finden nur Anwendung, wenn dies vorher ausdr\u00fccklich in Textform vereinbart wurde.<\/span><\/li>\n<li><span style=\"font-weight: 400; color: #4f3118;\">Mit dem Zugriff auf die Internetseite www.theasiantrip.com (nachfolgend \u201eWebsite\u201c genannt) erkl\u00e4rt sich der Nutzer bzw. die Nutzerin (nachfolgend \u201eNutzer\u201c genannt) mit den folgenden Gesch\u00e4fts- und Nutzungsbedingungen (nachfolgend \u201eBedingungen\u201c genannt) von the asian trip einverstanden. Der Nutzer ist nicht berechtigt, die Website zu benutzen, auf sie zuzugreifen o.\u00e4., wenn er mit diesen Bedingungen nicht einverstanden ist.<\/span><\/li>\n<li><span style=\"font-weight: 400; color: #4f3118;\"> Die Bedingungen von the asian trip gelten ausschlie\u00dflich; entgegenstehende oder von diesen Bedingungen abweichende Bedingungen des Nutzers werden nicht anerkannt, es sei denn, the asian trip hat ihrer Geltung ausdr\u00fccklich schriftlich zugestimmt.<\/span><\/li>\n<li><span style=\"font-weight: 400; color: #4f3118;\">The asian trip beh\u00e4lt sich das Recht vor, die Website, Anwendungen, Leistungen oder die Gesch\u00e4fts- und Nutzungsbedingungen zu jeder Zeit und ohne vorherige Ank\u00fcndigung im eigenen Ermessen zu \u00e4ndern. Eventuelle \u00c4nderungen der Gesch\u00e4fts- und Nutzungsbedingungen werden dem Nutzer auf der Website bekannt gegeben. Mit dem weiteren Zugreifen auf die Website erkennt der Nutzer die ge\u00e4nderten Gesch\u00e4fts- und Nutzungsbedingungen an.<\/span><\/li>\n<li><span style=\"font-weight: 400; color: #4f3118;\">The asian trip beh\u00e4lt sich vor, einzelne Nutzer oder bestimmte Nutzungen der Website auszuschlie\u00dfen.<\/span><\/li>\n<\/ol>\n<p>&nbsp;<\/p>\n<p><span style=\"color: #4f3118;\"><span style=\"font-weight: 400;\"> <b>I<\/b><b>I. <\/b><\/span><b>Leistungsumfang<\/b><\/span><\/p>\n<ol>\n<li><span style=\"font-weight: 400; color: #4f3118;\"> The asian trip ist eine Internetplattform f\u00fcr individuelle Reiseplanung, \u00fcber die Nutzer einen Direktkontakt zu weltweiten Destinationsexperten in ausgesuchten lokalen Agenturen (nachfolgend \u201eAgentur\u201c bzw. \u201eAgenturen\u201c genannt) erhalten, um mit diesen ihre Reise individuell zu planen, zu vereinbaren und durchzuf\u00fchren.<\/span><\/li>\n<li><span style=\"font-weight: 400; color: #4f3118;\"> Die Aufgabe von the asian trip ist lediglich die Kontaktvermittlung. The asian trip ist nicht der Veranstalter der Reisen. S\u00e4mtliche vertraglichen Vereinbarungen \u00fcber die jeweilige Reise werden direkt zwischen dem Nutzer und der Agentur auf Basis der allgemeinen Gesch\u00e4ftsbedingung der Agentur getroffen. Das gilt auch, sofern die Buchungsbest\u00e4tigung der Agentur \u00fcber die Website an den Nutzer \u00fcbermittelt wird oder der Nutzer seine Zahlung \u00fcber die Website an die Agentur leistet.<\/span><\/li>\n<\/ol>\n<p>&nbsp;<\/p>\n<p><span style=\"color: #4f3118;\"><strong>III. Zahlung<\/strong><\/span><\/p>\n<p><span style=\"font-weight: 400; color: #4f3118;\">Eine Anzahlung von 30 % ist erforderlich, um Ihre Buchung zu sichern, der Restbetrag ist 30 Tage vor Anreise zu zahlen. Wenn Ihr Anreisedatum weniger als 30 Tage entfernt ist, wird der volle Betrag verlangt. Wenn f\u00fcr Aktivit\u00e4ten\/Hotels\/Fl\u00fcge eine Vorauszahlung erforderlich ist, besteht die M\u00f6glichkeit, dass Ihre Anzahlung mehr als 30 % betr\u00e4gt. W\u00e4re dies der Fall, wird Ihre Expertin oder Ihr Experte vor Ort Sie dar\u00fcber direkt informieren.<\/span><\/p>\n<p>&nbsp;<\/p>\n<p><span style=\"color: #4f3118;\"><strong>IV. Stornierungsbedingungen<\/strong><\/span><\/p>\n<p><span style=\"font-weight: 400; color: #4f3118;\">Wenn Sie Ihre Reise stornieren m\u00fcssen, gelten festgelegte Stornierungsbedingungen. Diese Bedingungen stehen Ihnen zur Verf\u00fcgung, sobald Ihr lokaler Experte Ihnen das Reiseangebot zugesendet hat.<\/span><\/p>\n<p><span style=\"font-weight: 400; color: #4f3118;\">Je nach Zeitpunkt der Stornierung werden folgende Betr\u00e4ge nicht zur\u00fcckerstattet:<\/span><\/p>\n<ul>\n<li style=\"font-weight: 400;\" aria-level=\"1\"><span style=\"font-weight: 400; color: #4f3118;\">Bis 60 Tage vor Anreise: Ihre Anzahlung<\/span><\/li>\n<li style=\"font-weight: 400;\" aria-level=\"1\"><span style=\"font-weight: 400; color: #4f3118;\">59 bis 30 Tage vor Anreise: 50 % des Gesamtbetrags<\/span><\/li>\n<li style=\"font-weight: 400;\" aria-level=\"1\"><span style=\"font-weight: 400; color: #4f3118;\">29 bis 15 Tage vor Anreise: 80 % des Gesamtbetrags<\/span><\/li>\n<li style=\"font-weight: 400;\" aria-level=\"1\"><span style=\"font-weight: 400; color: #4f3118;\">14 Tage oder weniger vor Anreise: 100 % des Gesamtbetrags<\/span><\/li>\n<\/ul>\n<p><span style=\"color: #4f3118;\"><span style=\"font-weight: 400;\">Wir empfehlen, dass Sie die Bedingungen vollst\u00e4ndig lesen, bevor Sie die Reise buchen. <\/span><span style=\"font-weight: 400;\">Wenn Sie Fragen haben, empfehlen wir Ihnen, Ihren lokalen Experten zu kontaktieren. Er hilft Ihnen gerne weiter.<\/span><\/span><\/p>\n<p>&nbsp;<\/p>\n<p><span style=\"color: #4f3118;\"><b>V. Pflichten des Nutzers<\/b><\/span><\/p>\n<ol>\n<li><span style=\"font-weight: 400; color: #4f3118;\"> Die Website und die Leistungen von the asian trip stehen nur nat\u00fcrlichen Personen mit einem Mindestalter von 18 Jahren zur Verf\u00fcgung.<\/span><\/li>\n<li><span style=\"font-weight: 400; color: #4f3118;\"> Der Nutzer ist verpflichtet, richtige und vollst\u00e4ndige Angaben zu machen. Er ist ferner verpflichtet, seine Anmeldedaten immer auf dem neuesten Stand zu halten und diese bei Bedarf unaufgefordert und kurzfristig zu aktualisieren.<\/span><\/li>\n<li><span style=\"font-weight: 400; color: #4f3118;\"> Der Nutzer ist verpflichtet, eventuelle Benutzernamen und\/oder Passworte vertraulich zu behandeln und nicht an Dritte weiterzugeben. Bei Verdacht auf Missbrauch der Zugangsdaten ist the asian trip umgehend zu informieren.<\/span><\/li>\n<li><span style=\"font-weight: 400; color: #4f3118;\"> Nutzer, die sich an Diskussionsforen und Kommentaren beteiligen, verpflichten sich dazu, sich in ihren Beitr\u00e4gen jeglicher Beleidigungen, strafbarer Inhalte, Pornographie und grober Ausdrucksweise zu enthalten, die alleinige Verantwortung f\u00fcr die von ihnen eingestellten Inhalte zu tragen, Rechte Dritter (insbesondere Marken-, Urheber- und Pers\u00f6nlichkeitsrechte) nicht zu verletzen, the asian trip von durch ihre Beitr\u00e4ge ausgel\u00f6sten Anspr\u00fcchen Dritter vollst\u00e4ndig freizustellen und weder in Foren noch in Kommentaren Werbung irgendwelcher Art einzustellen oder Foren und Kommentare zu irgendeiner Art gewerblicher T\u00e4tigkeit zu nutzen.<\/span><\/li>\n<\/ol>\n<p>&nbsp;<\/p>\n<p><span style=\"color: #4f3118;\"><span style=\"font-weight: 400;\"><b>VI. <\/b><\/span><b>Geistiges Eigentum, Nutzer-Beitr\u00e4ge<\/b><\/span><\/p>\n<ol>\n<li><span style=\"font-weight: 400; color: #4f3118;\"> Das Online-Angebot von the asian trip beinhaltet Daten und Informationen, an denen gewerbliche Schutzrechte (z.B. Markenrechte, Urheberrechte, Geschmacksmusterrechte) zu Gunsten von the asian trip oder im Einzelfall auch zugunsten Dritter bestehen k\u00f6nnen. Es ist daher nicht gestattet, die Dienste au\u00dferhalb der gesetzlich zul\u00e4ssigen Grenzen oder ohne vorherige Zustimmung von the asian trip zu verwerten (z.B. zu vervielf\u00e4ltigen oder zu verbreiten). Die Nutzer sind nicht berechtigt, gesch\u00fctzte Inhalte oder Materialien auf irgendeine Weise zu nutzen, au\u00dfer im Rahmen der Nutzung der Dienste entsprechend dieser Nutzungsbedingungen. Kein Teil der Dienste darf in irgendeiner Form oder mit irgendwelchen Mitteln vervielf\u00e4ltigt werden, es sei denn, es ist ausdr\u00fccklich in diesen Bedingungen oder gesetzlich erlaubt.<\/span><\/li>\n<li><span style=\"font-weight: 400; color: #4f3118;\"> Die Dienste von the asian trip k\u00f6nnen auch interaktive Funktionen anbieten, mit denen die Nutzer eigene Materialien (z.B. Texte, Fotos, Videos) und Links erstellen, vervielf\u00e4ltigen, verbreiten und der \u00d6ffentlichkeit zug\u00e4nglich machen k\u00f6nnen. Die Nutzer d\u00fcrfen diese Funktionen nur unter konsequenter Beachtung der geltenden Gesetze und der Rechte, insbesondere Immaterialg\u00fcter- und Pers\u00f6nlichkeitsrechte Dritter nutzen. Die Nutzer sind verpflichtet, vor der Bereitstellung von Materialien alle erforderlichen Rechte zu erwerben und nur richtige und vollst\u00e4ndige Informationen zur Verf\u00fcgung zu stellen.<\/span><\/li>\n<li><span style=\"font-weight: 400; color: #4f3118;\"> Der Nutzer r\u00e4umt the asian trip hiermit ein \u00f6rtlich und zeitlich unbeschr\u00e4nktes, kostenloses, einfaches Nutzungsrecht ein, die von ihm bereitgestellten Materialien als Teil der Dienste von the asian trip zu nutzen. Das Nutzungsrecht ist seinem Inhalt und Umfang nach auf das beschr\u00e4nkt, was f\u00fcr den Betrieb und die Erbringung der Dienste von the asian trip n\u00f6tig ist.<\/span><\/li>\n<li><span style=\"font-weight: 400; color: #4f3118;\">The asian trip beh\u00e4lt sich das Recht vor, die bereitgestellten Beitr\u00e4ge nicht zu ver\u00f6ffentlichen und die ver\u00f6ffentlichten Beitr\u00e4ge zu entfernen. The asian trip beh\u00e4lt sich auch vor, Kommentare und Forenbeitr\u00e4ge nach eigenem Ermessen unter Beachtung der Rechte der Nutzer zu editieren oder zu l\u00f6schen.<\/span><\/li>\n<\/ol>\n<p>&nbsp;<\/p>\n<p><span style=\"color: #4f3118;\"><span style=\"font-weight: 400;\"><b>VII. <\/b><\/span><b>Haftung, Verj\u00e4hrung<\/b><\/span><\/p>\n<ol>\n<li><span style=\"font-weight: 400; color: #4f3118;\"> Die vertragliche Haftung von the asian trip ist, au\u00dfer im Falle von Sch\u00e4den, die auf einer Verletzung des Lebens, des K\u00f6rpers und der Gesundheit beruhen, soweit ein Schaden weder vors\u00e4tzlich noch grob fahrl\u00e4ssig herbeigef\u00fchrt wurde oder the asian trip f\u00fcr einen Schaden allein aufgrund des Verschuldens eines Erf\u00fcllungsgehilfen verantwortlich ist, pro Nutzer und Reise auf den dreifachen Preis der vermittelten Reise beschr\u00e4nkt. F\u00fcr alle gegen the asian trip gerichteten Schadensersatzanspr\u00fcche aus unerlaubter Handlung, die nicht auf Vorsatz oder grober Fahrl\u00e4ssigkeit beruhen, haftet the asian trip f\u00fcr Sachsch\u00e4den auf die H\u00f6he des dreifachen Gesamtpreises pro vermittelter Reise und Nutzer. Haftungsbeschr\u00e4nkungen gelten nicht bei Verletzung von Leben, K\u00f6rper und Gesundheit.<\/span><\/li>\n<li><span style=\"font-weight: 400; color: #4f3118;\"> Anspr\u00fcche des Kunden auf Schadensersatz f\u00fcr Sch\u00e4den, die nicht auf der Verletzung von Leben, K\u00f6rper oder Gesundheit beruhen, verj\u00e4hren innerhalb eines Jahres, soweit ein Schaden des Nutzers weder auf einer grob fahrl\u00e4ssigen Pflichtverletzung eines Erf\u00fcllungsgehilfen oder eines gesetzlichen Vertreters von the asian trip beruht. Die Verj\u00e4hrung beginnt mit dem Ende des Jahres, in dem der Anspruch entstanden ist und der Kunde von den Umst\u00e4nden, die den Anspruch gegen the asian trip begr\u00fcnden und von the asian trip als Anspruchsgegner Kenntnis erlangt oder ohne grobe Fahrl\u00e4ssigkeit h\u00e4tte erlangen m\u00fcssen. Alle Anspr\u00fcche aus unerlaubter Handlung sowie Anspr\u00fcche auf Ersatz von K\u00f6rpersch\u00e4den unterliegen der gesetzlichen Verj\u00e4hrungsfrist.<\/span><\/li>\n<li><span style=\"font-weight: 400; color: #4f3118;\">The asian trip kann nicht garantieren, dass die Website frei von Viren oder anderen sch\u00e4dlichen Eigenschaften ist. Der Nutzer darf die Website nicht missbrauchen, indem er Viren, Trojanische Pferde, W\u00fcrmer oder andere b\u00f6sartige oder technologisch sch\u00e4dliche Software einf\u00fchrt. Der Nutzer darf nicht versuchen, sich unbefugten Zugang zur Website, zu dem Server, auf dem die Website gespeichert ist, oder zu einem mit der Website verbundenen Server, Computer oder einer Datenbank zu verschaffen.<\/span><\/li>\n<\/ol>\n<p><span style=\"color: #4f3118;\"><strong>VIII.<\/strong> <b>H\u00f6here Gewalt<\/b><\/span><\/p>\n<ol>\n<li style=\"font-weight: 400;\" aria-level=\"1\"><span style=\"font-weight: 400; color: #4f3118;\">Wird der Auftraggeber an der Inanspruchnahme einer, mehrerer oder aller Incomingleistungen aufgrund h\u00f6herer Gewalt (insbesondere Krieg, innere Unruhen, Epidemien, hoheitliche Anordnung, Streiks, Naturkatastrophen, Havarien, Zerst\u00f6rung von Unterk\u00fcnften oder gleichgewichtige F\u00e4lle) gehindert, obwohl the asian trip bzw. der oder die Leistungstr\u00e4ger die Leistungen vertragsgem\u00e4\u00df erbringen k\u00f6nnen, so hat der Auftraggeber keinen Anspruch auf einen kostenfreien R\u00fccktritt. The asian trip ist nur verpflichtet, den Preis in dem Umfang zur\u00fcckzuerstatten, in dem sie von den Leistungstr\u00e4gern eine R\u00fcckerstattung erh\u00e4lt.<\/span><\/li>\n<li style=\"font-weight: 400;\" aria-level=\"1\"><span style=\"font-weight: 400; color: #4f3118;\">Wird the asian trip die Erbringung einer, mehrerer oder aller Incoming-leistungen aufgrund h\u00f6herer Gewalt erheblich erschwert, gef\u00e4hrdet oder beeintr\u00e4chtigt, so kann the asian trip den Vertrag insgesamt oder, sofern die nicht betroffenen Leistungen f\u00fcr den Auftraggeber noch von Interesse sind, den entsprechenden Leistungsteil wegen h\u00f6herer Gewalt k\u00fcndigen. In diesem Fall tragen the asian trip und der Auftraggeber die Kosten des oder der Leistungstr\u00e4ger der gek\u00fcndigten Leistungen je zur H\u00e4lfte. Im \u00dcbrigen findet eine dar\u00fcber hinausgehende R\u00fcckerstattung an den Auftraggeber nicht statt. Aufgrund h\u00f6herer Gewalt entstehende zus\u00e4tzliche Kosten haben the asian trip und der Auftraggeber ebenfalls h\u00e4lftig zu tragen. The asian trip hat die Kosten dem Auftraggeber gegen\u00fcber nachzuweisen.<\/span><\/li>\n<\/ol>\n<p><span style=\"color: #4f3118;\"><span style=\"font-weight: 400;\"><b>IX. <\/b><\/span><b>Schlussbestimmungen<\/b><\/span><\/p>\n<ol>\n<li><span style=\"font-weight: 400; color: #4f3118;\"> F\u00fcr diese Nutzungsbedingungen und alle Rechtsbeziehungen zwischen the asian trip und dem Nutzer gilt ausschlie\u00dflich das Recht der Bundesrepublik Deutschland.<\/span><\/li>\n<li><span style=\"font-weight: 400; color: #4f3118;\"> Ist der Nutzer Kaufmann im Sinne des Handelsgesetzbuchs, juristische Person des \u00f6ffentlichen Rechts oder ein \u00f6ffentlich-rechtliches Sonderverm\u00f6gen, ist ausschlie\u00dflicher \u2013 auch internationaler \u2013 Gerichtsstand f\u00fcr alle sich aus dem Vertragsverh\u00e4ltnis ergebenden Streitigkeiten der Gesch\u00e4ftssitz von the asian trip. The asian trip ist jedoch auch berechtigt, Klage am Erf\u00fcllungsort zu erheben.<\/span><\/li>\n<li><span style=\"font-weight: 400; color: #4f3118;\"> Im Falle der Unwirksamkeit einer oder mehrerer Regelungen dieser Nutzungsbestimmungen werden die Parteien eine der unwirksamen Regelung m\u00f6glichst nahe kommende wirksame Ersatzregelung treffen. Die Unwirksamkeit einer oder mehrerer Bestimmungen dieses Vertrages l\u00e4sst die Wirksamkeit im \u00dcbrigen unber\u00fchrt.<\/span><\/li>\n<\/ol>\n<p>[\/vc_column_text][\/vc_column][\/vc_row]<\/p>\n","protected":false},"excerpt":{"rendered":"<p> [&hellip;]<\/p>\n","protected":false},"author":1,"featured_media":4279,"parent":0,"menu_order":0,"comment_status":"closed","ping_status":"closed","template":"","meta":{"footnotes":""},"class_list":["post-4215","page","type-page","status-publish","has-post-thumbnail","hentry"],"yoast_head":"<!-- This site is optimized with the Yoast SEO plugin v23.9 - https:\/\/yoast.com\/wordpress\/plugins\/seo\/ -->\n<title>AGB - the asian trip<\/title>\n<meta name=\"robots\" content=\"index, follow, max-snippet:-1, max-image-preview:large, max-video-preview:-1\" \/>\n<link rel=\"canonical\" href=\"https:\/\/theasiantrip.com\/de\/agb\/\" \/>\n<meta property=\"og:locale\" content=\"de_DE\" \/>\n<meta property=\"og:type\" content=\"article\" \/>\n<meta property=\"og:title\" content=\"AGB - the asian trip\" \/>\n<meta property=\"og:description\" content=\"[&hellip;]\" \/>\n<meta property=\"og:url\" content=\"https:\/\/theasiantrip.com\/de\/agb\/\" \/>\n<meta property=\"og:site_name\" content=\"the asian trip\" \/>\n<meta property=\"article:modified_time\" content=\"2025-10-08T14:17:47+00:00\" \/>\n<meta property=\"og:image\" content=\"https:\/\/theasiantrip.com\/de\/wp-content\/uploads\/2024\/02\/barun-ghosh-muGhdnLy3h8-unsplash-scaled-e1707545021104.jpg\" \/>\n\t<meta property=\"og:image:width\" content=\"2555\" \/>\n\t<meta property=\"og:image:height\" content=\"766\" \/>\n\t<meta property=\"og:image:type\" content=\"image\/jpeg\" \/>\n<meta name=\"twitter:card\" content=\"summary_large_image\" \/>\n<meta name=\"twitter:label1\" content=\"Gesch\u00e4tzte Lesezeit\" \/>\n\t<meta name=\"twitter:data1\" content=\"9\u00a0Minuten\" \/>\n<script type=\"application\/ld+json\" class=\"yoast-schema-graph\">{\"@context\":\"https:\/\/schema.org\",\"@graph\":[{\"@type\":\"WebPage\",\"@id\":\"https:\/\/theasiantrip.com\/de\/agb\/\",\"url\":\"https:\/\/theasiantrip.com\/de\/agb\/\",\"name\":\"AGB - the asian trip\",\"isPartOf\":{\"@id\":\"https:\/\/theasiantrip.com\/de\/#website\"},\"primaryImageOfPage\":{\"@id\":\"https:\/\/theasiantrip.com\/de\/agb\/#primaryimage\"},\"image\":{\"@id\":\"https:\/\/theasiantrip.com\/de\/agb\/#primaryimage\"},\"thumbnailUrl\":\"https:\/\/theasiantrip.com\/de\/wp-content\/uploads\/2024\/02\/barun-ghosh-muGhdnLy3h8-unsplash-scaled-e1707545021104.jpg\",\"datePublished\":\"2024-02-07T04:41:53+00:00\",\"dateModified\":\"2025-10-08T14:17:47+00:00\",\"breadcrumb\":{\"@id\":\"https:\/\/theasiantrip.com\/de\/agb\/#breadcrumb\"},\"inLanguage\":\"de\",\"potentialAction\":[{\"@type\":\"ReadAction\",\"target\":[\"https:\/\/theasiantrip.com\/de\/agb\/\"]}]},{\"@type\":\"ImageObject\",\"inLanguage\":\"de\",\"@id\":\"https:\/\/theasiantrip.com\/de\/agb\/#primaryimage\",\"url\":\"https:\/\/theasiantrip.com\/de\/wp-content\/uploads\/2024\/02\/barun-ghosh-muGhdnLy3h8-unsplash-scaled-e1707545021104.jpg\",\"contentUrl\":\"https:\/\/theasiantrip.com\/de\/wp-content\/uploads\/2024\/02\/barun-ghosh-muGhdnLy3h8-unsplash-scaled-e1707545021104.jpg\",\"width\":2555,\"height\":766},{\"@type\":\"BreadcrumbList\",\"@id\":\"https:\/\/theasiantrip.com\/de\/agb\/#breadcrumb\",\"itemListElement\":[{\"@type\":\"ListItem\",\"position\":1,\"name\":\"Startseite\",\"item\":\"https:\/\/theasiantrip.com\/de\/\"},{\"@type\":\"ListItem\",\"position\":2,\"name\":\"AGB\"}]},{\"@type\":\"WebSite\",\"@id\":\"https:\/\/theasiantrip.com\/de\/#website\",\"url\":\"https:\/\/theasiantrip.com\/de\/\",\"name\":\"Home\",\"description\":\"Exklusive Reisen nach Asien\",\"publisher\":{\"@id\":\"https:\/\/theasiantrip.com\/de\/#organization\"},\"potentialAction\":[{\"@type\":\"SearchAction\",\"target\":{\"@type\":\"EntryPoint\",\"urlTemplate\":\"https:\/\/theasiantrip.com\/de\/?s={search_term_string}\"},\"query-input\":{\"@type\":\"PropertyValueSpecification\",\"valueRequired\":true,\"valueName\":\"search_term_string\"}}],\"inLanguage\":\"de\"},{\"@type\":\"Organization\",\"@id\":\"https:\/\/theasiantrip.com\/de\/#organization\",\"name\":\"the asian trip\",\"url\":\"https:\/\/theasiantrip.com\/de\/\",\"logo\":{\"@type\":\"ImageObject\",\"inLanguage\":\"de\",\"@id\":\"https:\/\/theasiantrip.com\/de\/#\/schema\/logo\/image\/\",\"url\":\"https:\/\/theasiantrip.com\/de\/wp-content\/uploads\/2020\/05\/the_asian_trip_Logo_webversion_small_green.gif\",\"contentUrl\":\"https:\/\/theasiantrip.com\/de\/wp-content\/uploads\/2020\/05\/the_asian_trip_Logo_webversion_small_green.gif\",\"width\":266,\"height\":266,\"caption\":\"the asian trip\"},\"image\":{\"@id\":\"https:\/\/theasiantrip.com\/de\/#\/schema\/logo\/image\/\"}}]}<\/script>\n<!-- \/ Yoast SEO plugin. -->","yoast_head_json":{"title":"AGB - the asian trip","robots":{"index":"index","follow":"follow","max-snippet":"max-snippet:-1","max-image-preview":"max-image-preview:large","max-video-preview":"max-video-preview:-1"},"canonical":"https:\/\/theasiantrip.com\/de\/agb\/","og_locale":"de_DE","og_type":"article","og_title":"AGB - the asian trip","og_description":"[&hellip;]","og_url":"https:\/\/theasiantrip.com\/de\/agb\/","og_site_name":"the asian trip","article_modified_time":"2025-10-08T14:17:47+00:00","og_image":[{"width":2555,"height":766,"url":"https:\/\/theasiantrip.com\/de\/wp-content\/uploads\/2024\/02\/barun-ghosh-muGhdnLy3h8-unsplash-scaled-e1707545021104.jpg","type":"image\/jpeg"}],"twitter_card":"summary_large_image","twitter_misc":{"Gesch\u00e4tzte Lesezeit":"9\u00a0Minuten"},"schema":{"@context":"https:\/\/schema.org","@graph":[{"@type":"WebPage","@id":"https:\/\/theasiantrip.com\/de\/agb\/","url":"https:\/\/theasiantrip.com\/de\/agb\/","name":"AGB - the asian trip","isPartOf":{"@id":"https:\/\/theasiantrip.com\/de\/#website"},"primaryImageOfPage":{"@id":"https:\/\/theasiantrip.com\/de\/agb\/#primaryimage"},"image":{"@id":"https:\/\/theasiantrip.com\/de\/agb\/#primaryimage"},"thumbnailUrl":"https:\/\/theasiantrip.com\/de\/wp-content\/uploads\/2024\/02\/barun-ghosh-muGhdnLy3h8-unsplash-scaled-e1707545021104.jpg","datePublished":"2024-02-07T04:41:53+00:00","dateModified":"2025-10-08T14:17:47+00:00","breadcrumb":{"@id":"https:\/\/theasiantrip.com\/de\/agb\/#breadcrumb"},"inLanguage":"de","potentialAction":[{"@type":"ReadAction","target":["https:\/\/theasiantrip.com\/de\/agb\/"]}]},{"@type":"ImageObject","inLanguage":"de","@id":"https:\/\/theasiantrip.com\/de\/agb\/#primaryimage","url":"https:\/\/theasiantrip.com\/de\/wp-content\/uploads\/2024\/02\/barun-ghosh-muGhdnLy3h8-unsplash-scaled-e1707545021104.jpg","contentUrl":"https:\/\/theasiantrip.com\/de\/wp-content\/uploads\/2024\/02\/barun-ghosh-muGhdnLy3h8-unsplash-scaled-e1707545021104.jpg","width":2555,"height":766},{"@type":"BreadcrumbList","@id":"https:\/\/theasiantrip.com\/de\/agb\/#breadcrumb","itemListElement":[{"@type":"ListItem","position":1,"name":"Startseite","item":"https:\/\/theasiantrip.com\/de\/"},{"@type":"ListItem","position":2,"name":"AGB"}]},{"@type":"WebSite","@id":"https:\/\/theasiantrip.com\/de\/#website","url":"https:\/\/theasiantrip.com\/de\/","name":"Home","description":"Exklusive Reisen nach Asien","publisher":{"@id":"https:\/\/theasiantrip.com\/de\/#organization"},"potentialAction":[{"@type":"SearchAction","target":{"@type":"EntryPoint","urlTemplate":"https:\/\/theasiantrip.com\/de\/?s={search_term_string}"},"query-input":{"@type":"PropertyValueSpecification","valueRequired":true,"valueName":"search_term_string"}}],"inLanguage":"de"},{"@type":"Organization","@id":"https:\/\/theasiantrip.com\/de\/#organization","name":"the asian trip","url":"https:\/\/theasiantrip.com\/de\/","logo":{"@type":"ImageObject","inLanguage":"de","@id":"https:\/\/theasiantrip.com\/de\/#\/schema\/logo\/image\/","url":"https:\/\/theasiantrip.com\/de\/wp-content\/uploads\/2020\/05\/the_asian_trip_Logo_webversion_small_green.gif","contentUrl":"https:\/\/theasiantrip.com\/de\/wp-content\/uploads\/2020\/05\/the_asian_trip_Logo_webversion_small_green.gif","width":266,"height":266,"caption":"the asian trip"},"image":{"@id":"https:\/\/theasiantrip.com\/de\/#\/schema\/logo\/image\/"}}]}},"_links":{"self":[{"href":"https:\/\/theasiantrip.com\/de\/wp-json\/wp\/v2\/pages\/4215","targetHints":{"allow":["GET"]}}],"collection":[{"href":"https:\/\/theasiantrip.com\/de\/wp-json\/wp\/v2\/pages"}],"about":[{"href":"https:\/\/theasiantrip.com\/de\/wp-json\/wp\/v2\/types\/page"}],"author":[{"embeddable":true,"href":"https:\/\/theasiantrip.com\/de\/wp-json\/wp\/v2\/users\/1"}],"replies":[{"embeddable":true,"href":"https:\/\/theasiantrip.com\/de\/wp-json\/wp\/v2\/comments?post=4215"}],"version-history":[{"count":7,"href":"https:\/\/theasiantrip.com\/de\/wp-json\/wp\/v2\/pages\/4215\/revisions"}],"predecessor-version":[{"id":4895,"href":"https:\/\/theasiantrip.com\/de\/wp-json\/wp\/v2\/pages\/4215\/revisions\/4895"}],"wp:featuredmedia":[{"embeddable":true,"href":"https:\/\/theasiantrip.com\/de\/wp-json\/wp\/v2\/media\/4279"}],"wp:attachment":[{"href":"https:\/\/theasiantrip.com\/de\/wp-json\/wp\/v2\/media?parent=4215"}],"curies":[{"name":"wp","href":"https:\/\/api.w.org\/{rel}","templated":true}]}}