{"id":4074,"date":"2023-12-18T00:05:40","date_gmt":"2023-12-17T15:05:40","guid":{"rendered":"https:\/\/theasiantrip.com\/?page_id=4074"},"modified":"2025-07-30T17:17:25","modified_gmt":"2025-07-30T11:47:25","slug":"unser-the-asian-trip","status":"publish","type":"page","link":"https:\/\/theasiantrip.com\/de\/unser-the-asian-trip\/","title":{"rendered":"\u00dcber the asian trip"},"content":{"rendered":"<p>[vc_row equal_height=&#8220;yes&#8220;][vc_column width=&#8220;1\/2&#8243;][vc_column_text]<\/p>\n<h3>Willkommen bei the asian trip!<\/h3>\n<p>[\/vc_column_text][vc_column_text]<\/p>\n<h3><span style=\"color: #4e4a3f;\"><strong>Unsere Geschichte<\/strong><\/span><\/h3>\n<p><span style=\"color: #4f3118;\">Seit \u00fcber 20 Jahren sind wir stolz darauf, als internationales Team in der Tourismusbranche t\u00e4tig zu sein. Mit unserer langj\u00e4hrigen Erfahrung haben wir bereits \u00fcber 1000 Reisende pro Jahr gl\u00fccklich gemacht und unvergessliche Erinnerungen geschaffen.<\/span><\/p>\n<h3><span style=\"color: #4e4a3f;\"><strong>Unsere Mission<\/strong><\/span><\/h3>\n<p><span style=\"color: #4f3118;\">F\u00fcr uns steht die Gestaltung individueller Reisen an erster Stelle. Unser Ziel ist es, au\u00dfergew\u00f6hnliche Erlebnisse zu erm\u00f6glichen und die pers\u00f6nlichen W\u00fcnsche unserer G\u00e4ste zu erf\u00fcllen. Dies ist nicht nur unsere Arbeit, sondern unsere Leidenschaft und Lebensweise.<\/span><\/p>\n<h3><span style=\"color: #4e4a3f;\"><strong>Unsere Expertise<\/strong><\/span><\/h3>\n<p><span style=\"color: #4f3118;\">Unser internationales Team besteht aus lokalen Reiseexperten, die ihr Wissen und ihre Erfahrung in die Gestaltung einzigartiger Reiseerlebnisse einbringen. Wir verstehen die Bed\u00fcrfnisse unserer G\u00e4ste und setzen alles daran, ihre Erwartungen zu \u00fcbertreffen.<\/span><\/p>\n<h3><span style=\"color: #4e4a3f;\"><strong>Entdecken Sie Unbekanntes<\/strong><\/span><\/h3>\n<p><span style=\"color: #4f3118;\">Wir haben uns zum Ziel gesetzt, dass unsere G\u00e4ste nicht nur die touristischen Highlights erleben, sondern auch die ungew\u00f6hnlichen Facetten jedes Reiseziels kennenlernen. Wir glauben daran, dass wahre Sch\u00f6nheit oft in den weniger erkundeten Ecken zu finden ist.<\/span><\/p>\n<p><span style=\"color: #4f3118;\">Wir laden Sie ein, mit uns zu reisen und gemeinsam unvergessliche Abenteuer zu erleben. Lassen Sie uns Ihre pers\u00f6nliche Reisegeschichte schreiben!<\/span>[\/vc_column_text][vc_empty_space height=&#8220;50px&#8220;][\/vc_column][vc_column width=&#8220;1\/2&#8243;][vc_single_image image=&#8220;4083&#8243; img_size=&#8220;full&#8220;][\/vc_column][\/vc_row]<\/p>\n","protected":false},"excerpt":{"rendered":"<p> [&hellip;]<\/p>\n","protected":false},"author":1,"featured_media":0,"parent":0,"menu_order":0,"comment_status":"closed","ping_status":"closed","template":"","meta":{"footnotes":""},"class_list":["post-4074","page","type-page","status-publish","hentry"],"yoast_head":"<!-- This site is optimized with the Yoast SEO plugin v23.9 - https:\/\/yoast.com\/wordpress\/plugins\/seo\/ -->\n<title>\u00dcber the asian trip - the asian trip<\/title>\n<meta name=\"robots\" content=\"index, follow, max-snippet:-1, max-image-preview:large, max-video-preview:-1\" \/>\n<link rel=\"canonical\" href=\"https:\/\/theasiantrip.com\/de\/unser-the-asian-trip\/\" \/>\n<meta property=\"og:locale\" content=\"de_DE\" \/>\n<meta property=\"og:type\" content=\"article\" \/>\n<meta property=\"og:title\" content=\"\u00dcber the asian trip - the asian trip\" \/>\n<meta property=\"og:description\" content=\"[&hellip;]\" \/>\n<meta property=\"og:url\" content=\"https:\/\/theasiantrip.com\/de\/unser-the-asian-trip\/\" \/>\n<meta property=\"og:site_name\" content=\"the asian trip\" \/>\n<meta property=\"article:modified_time\" content=\"2025-07-30T11:47:25+00:00\" \/>\n<meta name=\"twitter:card\" content=\"summary_large_image\" \/>\n<meta name=\"twitter:label1\" content=\"Gesch\u00e4tzte Lesezeit\" \/>\n\t<meta name=\"twitter:data1\" content=\"2\u00a0Minuten\" \/>\n<script type=\"application\/ld+json\" class=\"yoast-schema-graph\">{\"@context\":\"https:\/\/schema.org\",\"@graph\":[{\"@type\":\"WebPage\",\"@id\":\"https:\/\/theasiantrip.com\/de\/unser-the-asian-trip\/\",\"url\":\"https:\/\/theasiantrip.com\/de\/unser-the-asian-trip\/\",\"name\":\"\u00dcber the asian trip - the asian trip\",\"isPartOf\":{\"@id\":\"https:\/\/theasiantrip.com\/de\/#website\"},\"datePublished\":\"2023-12-17T15:05:40+00:00\",\"dateModified\":\"2025-07-30T11:47:25+00:00\",\"breadcrumb\":{\"@id\":\"https:\/\/theasiantrip.com\/de\/unser-the-asian-trip\/#breadcrumb\"},\"inLanguage\":\"de\",\"potentialAction\":[{\"@type\":\"ReadAction\",\"target\":[\"https:\/\/theasiantrip.com\/de\/unser-the-asian-trip\/\"]}]},{\"@type\":\"BreadcrumbList\",\"@id\":\"https:\/\/theasiantrip.com\/de\/unser-the-asian-trip\/#breadcrumb\",\"itemListElement\":[{\"@type\":\"ListItem\",\"position\":1,\"name\":\"Startseite\",\"item\":\"https:\/\/theasiantrip.com\/de\/\"},{\"@type\":\"ListItem\",\"position\":2,\"name\":\"\u00dcber the asian trip\"}]},{\"@type\":\"WebSite\",\"@id\":\"https:\/\/theasiantrip.com\/de\/#website\",\"url\":\"https:\/\/theasiantrip.com\/de\/\",\"name\":\"Home\",\"description\":\"Exklusive Reisen nach Asien\",\"publisher\":{\"@id\":\"https:\/\/theasiantrip.com\/de\/#organization\"},\"potentialAction\":[{\"@type\":\"SearchAction\",\"target\":{\"@type\":\"EntryPoint\",\"urlTemplate\":\"https:\/\/theasiantrip.com\/de\/?s={search_term_string}\"},\"query-input\":{\"@type\":\"PropertyValueSpecification\",\"valueRequired\":true,\"valueName\":\"search_term_string\"}}],\"inLanguage\":\"de\"},{\"@type\":\"Organization\",\"@id\":\"https:\/\/theasiantrip.com\/de\/#organization\",\"name\":\"the asian trip\",\"url\":\"https:\/\/theasiantrip.com\/de\/\",\"logo\":{\"@type\":\"ImageObject\",\"inLanguage\":\"de\",\"@id\":\"https:\/\/theasiantrip.com\/de\/#\/schema\/logo\/image\/\",\"url\":\"https:\/\/theasiantrip.com\/de\/wp-content\/uploads\/2020\/05\/the_asian_trip_Logo_webversion_small_green.gif\",\"contentUrl\":\"https:\/\/theasiantrip.com\/de\/wp-content\/uploads\/2020\/05\/the_asian_trip_Logo_webversion_small_green.gif\",\"width\":266,\"height\":266,\"caption\":\"the asian trip\"},\"image\":{\"@id\":\"https:\/\/theasiantrip.com\/de\/#\/schema\/logo\/image\/\"}}]}<\/script>\n<!-- \/ Yoast SEO plugin. -->","yoast_head_json":{"title":"\u00dcber the asian trip - the asian trip","robots":{"index":"index","follow":"follow","max-snippet":"max-snippet:-1","max-image-preview":"max-image-preview:large","max-video-preview":"max-video-preview:-1"},"canonical":"https:\/\/theasiantrip.com\/de\/unser-the-asian-trip\/","og_locale":"de_DE","og_type":"article","og_title":"\u00dcber the asian trip - the asian trip","og_description":"[&hellip;]","og_url":"https:\/\/theasiantrip.com\/de\/unser-the-asian-trip\/","og_site_name":"the asian trip","article_modified_time":"2025-07-30T11:47:25+00:00","twitter_card":"summary_large_image","twitter_misc":{"Gesch\u00e4tzte Lesezeit":"2\u00a0Minuten"},"schema":{"@context":"https:\/\/schema.org","@graph":[{"@type":"WebPage","@id":"https:\/\/theasiantrip.com\/de\/unser-the-asian-trip\/","url":"https:\/\/theasiantrip.com\/de\/unser-the-asian-trip\/","name":"\u00dcber the asian trip - the asian trip","isPartOf":{"@id":"https:\/\/theasiantrip.com\/de\/#website"},"datePublished":"2023-12-17T15:05:40+00:00","dateModified":"2025-07-30T11:47:25+00:00","breadcrumb":{"@id":"https:\/\/theasiantrip.com\/de\/unser-the-asian-trip\/#breadcrumb"},"inLanguage":"de","potentialAction":[{"@type":"ReadAction","target":["https:\/\/theasiantrip.com\/de\/unser-the-asian-trip\/"]}]},{"@type":"BreadcrumbList","@id":"https:\/\/theasiantrip.com\/de\/unser-the-asian-trip\/#breadcrumb","itemListElement":[{"@type":"ListItem","position":1,"name":"Startseite","item":"https:\/\/theasiantrip.com\/de\/"},{"@type":"ListItem","position":2,"name":"\u00dcber the asian trip"}]},{"@type":"WebSite","@id":"https:\/\/theasiantrip.com\/de\/#website","url":"https:\/\/theasiantrip.com\/de\/","name":"Home","description":"Exklusive Reisen nach Asien","publisher":{"@id":"https:\/\/theasiantrip.com\/de\/#organization"},"potentialAction":[{"@type":"SearchAction","target":{"@type":"EntryPoint","urlTemplate":"https:\/\/theasiantrip.com\/de\/?s={search_term_string}"},"query-input":{"@type":"PropertyValueSpecification","valueRequired":true,"valueName":"search_term_string"}}],"inLanguage":"de"},{"@type":"Organization","@id":"https:\/\/theasiantrip.com\/de\/#organization","name":"the asian trip","url":"https:\/\/theasiantrip.com\/de\/","logo":{"@type":"ImageObject","inLanguage":"de","@id":"https:\/\/theasiantrip.com\/de\/#\/schema\/logo\/image\/","url":"https:\/\/theasiantrip.com\/de\/wp-content\/uploads\/2020\/05\/the_asian_trip_Logo_webversion_small_green.gif","contentUrl":"https:\/\/theasiantrip.com\/de\/wp-content\/uploads\/2020\/05\/the_asian_trip_Logo_webversion_small_green.gif","width":266,"height":266,"caption":"the asian trip"},"image":{"@id":"https:\/\/theasiantrip.com\/de\/#\/schema\/logo\/image\/"}}]}},"_links":{"self":[{"href":"https:\/\/theasiantrip.com\/de\/wp-json\/wp\/v2\/pages\/4074","targetHints":{"allow":["GET"]}}],"collection":[{"href":"https:\/\/theasiantrip.com\/de\/wp-json\/wp\/v2\/pages"}],"about":[{"href":"https:\/\/theasiantrip.com\/de\/wp-json\/wp\/v2\/types\/page"}],"author":[{"embeddable":true,"href":"https:\/\/theasiantrip.com\/de\/wp-json\/wp\/v2\/users\/1"}],"replies":[{"embeddable":true,"href":"https:\/\/theasiantrip.com\/de\/wp-json\/wp\/v2\/comments?post=4074"}],"version-history":[{"count":12,"href":"https:\/\/theasiantrip.com\/de\/wp-json\/wp\/v2\/pages\/4074\/revisions"}],"predecessor-version":[{"id":4849,"href":"https:\/\/theasiantrip.com\/de\/wp-json\/wp\/v2\/pages\/4074\/revisions\/4849"}],"wp:attachment":[{"href":"https:\/\/theasiantrip.com\/de\/wp-json\/wp\/v2\/media?parent=4074"}],"curies":[{"name":"wp","href":"https:\/\/api.w.org\/{rel}","templated":true}]}}