{"id":3761,"date":"2021-03-09T19:02:54","date_gmt":"2021-03-09T18:02:54","guid":{"rendered":"http:\/\/www.theasiantrip.com\/?page_id=3761"},"modified":"2025-07-30T10:53:22","modified_gmt":"2025-07-30T05:23:22","slug":"datenschutz","status":"publish","type":"page","link":"https:\/\/theasiantrip.com\/de\/datenschutz\/","title":{"rendered":"Datenschutz"},"content":{"rendered":"<p>[vc_row][vc_column][vc_column_text]<span style=\"color: #4f3118;\">Verantwortlicher im Sinne der Datenschutzgesetze, insbesondere der EU-Datenschutzgrundverordnung (DSGVO), ist:<\/span><\/p>\n<p><span style=\"color: #4f3118;\"><strong>the asian trip<\/strong><\/span><\/p>\n<p>&nbsp;<\/p>\n<h3><span style=\"color: #4e4a3f;\">Ihre Betroffenenrechte<\/span><\/h3>\n<p><span style=\"color: #4f3118;\">Unter den angegebenen Kontaktdaten unseres Datenschutzbeauftragten k\u00f6nnen Sie jederzeit folgende Rechte aus\u00fcben:<\/span><\/p>\n<ul>\n<li><span style=\"color: #4f3118;\">Auskunft \u00fcber Ihre bei uns gespeicherten Daten und deren Verarbeitung (Art. 15 DSGVO),<\/span><\/li>\n<li><span style=\"color: #4f3118;\">Berichtigung unrichtiger personenbezogener Daten (Art. 16 DSGVO),<\/span><\/li>\n<li><span style=\"color: #4f3118;\">L\u00f6schung Ihrer bei uns gespeicherten Daten (Art. 17 DSGVO),<\/span><\/li>\n<li><span style=\"color: #4f3118;\">Einschr\u00e4nkung der Datenverarbeitung, sofern wir Ihre Daten aufgrund gesetzlicher Pflichten noch nicht l\u00f6schen d\u00fcrfen (Art. 18 DSGVO),<\/span><\/li>\n<li><span style=\"color: #4f3118;\">Widerspruch gegen die Verarbeitung Ihrer Daten bei uns (Art. 21 DSGVO) und<\/span><\/li>\n<li><span style=\"color: #4f3118;\">Daten\u00fcbertragbarkeit, sofern Sie in die Datenverarbeitung eingewilligt haben oder einen Vertrag mit uns abgeschlossen haben (Art. 20 DSGVO).<\/span><\/li>\n<\/ul>\n<p><span style=\"color: #4f3118;\">Sofern Sie uns eine Einwilligung erteilt haben, k\u00f6nnen Sie diese jederzeit mit Wirkung f\u00fcr die Zukunft widerrufen.<\/span><\/p>\n<p><span style=\"color: #4f3118;\">Sie k\u00f6nnen sich jederzeit mit einer Beschwerde an eine Aufsichtsbeh\u00f6rde wenden, z. B. an die zust\u00e4ndige Aufsichtsbeh\u00f6rde des Bundeslands Ihres Wohnsitzes oder an die f\u00fcr uns als verantwortliche Stelle zust\u00e4ndige Beh\u00f6rde.<\/span><\/p>\n<p><span style=\"color: #4f3118;\">Eine Liste der Aufsichtsbeh\u00f6rden (f\u00fcr den nicht\u00f6ffentlichen Bereich) mit Anschrift finden Sie unter: <a style=\"color: #4f3118;\" href=\"https:\/\/www.bfdi.bund.de\/DE\/Infothek\/Anschriften_Links\/anschriften_links-node.html\" target=\"_blank\" rel=\"nofollow noopener\">https:\/\/www.bfdi.bund.de\/DE\/Infothek\/Anschriften_Links\/anschriften_links-node.html<\/a>.<\/span><\/p>\n<p>&nbsp;<\/p>\n<h3><span style=\"color: #4e4a3f;\">Kommentarfunktion<\/span><\/h3>\n<h4><span style=\"color: #4f3118;\">Art und Zweck der Verarbeitung:<\/span><\/h4>\n<p><span style=\"color: #4f3118;\">Wenn Nutzer Kommentare auf unserer Website hinterlassen, werden neben diesen Angaben auch der Zeitpunkt ihrer Erstellung und der zuvor durch den Websitebesucher gew\u00e4hlte Nutzername gespeichert. Dies dient unserer Sicherheit, da wir f\u00fcr widerrechtliche Inhalte auf unserer Webseite belangt werden k\u00f6nnen, auch wenn diese durch Benutzer erstellt wurden.<\/span><\/p>\n<h4><span style=\"color: #4f3118;\">Rechtsgrundlage:<\/span><\/h4>\n<p><span style=\"color: #4f3118;\">Die Verarbeitung der als Kommentar eingegebenen Daten erfolgt auf der Grundlage eines berechtigten Interesses (Art. 6 Abs. 1 lit. f DSGVO).<\/span><\/p>\n<p><span style=\"color: #4f3118;\">Durch Bereitstellung der Kommentarfunktion m\u00f6chten wir Ihnen eine unkomplizierte Interaktion erm\u00f6glichen. Ihre gemachten Angaben werden zum Zwecke der Bearbeitung der Anfrage sowie f\u00fcr m\u00f6gliche Anschlussfragen gespeichert.<\/span><\/p>\n<h4><span style=\"color: #4f3118;\">Empf\u00e4nger:<\/span><\/h4>\n<p><span style=\"color: #4f3118;\">Empf\u00e4nger der Daten sind ggf. Auftragsverarbeiter.<\/span><\/p>\n<h4><span style=\"color: #4f3118;\">Speicherdauer:<\/span><\/h4>\n<p><span style=\"color: #4f3118;\">Die Daten werden gel\u00f6scht, sobald diese f\u00fcr den Zweck der Erhebung nicht mehr erforderlich sind. Dies ist grunds\u00e4tzlich der Fall, wenn die Kommunikation mit dem Nutzer abgeschlossen ist und das Unternehmen den Umst\u00e4nden entnehmen kann, dass der betroffene Sachverhalt abschlie\u00dfend gekl\u00e4rt ist. Wir behalten uns die L\u00f6schung ohne Angaben von Gr\u00fcnden und ohne vorherige oder nachtr\u00e4gliche Information vor.<\/span><\/p>\n<p><span style=\"color: #4f3118;\">Au\u00dferdem k\u00f6nnen Sie Ihren Kommentar jederzeit durch uns l\u00f6schen lassen. Schreiben Sie daf\u00fcr bitte eine E-Mail an den unten aufgef\u00fchrten Datenschutzbeauftragten bzw. die f\u00fcr den Datenschutz zust\u00e4ndige Person und \u00fcbermitteln den Link zu Ihrem Kommentar sowie zu Identifikationszwecken die bei der Erstellung des Kommentars verwendete E-Mail-Adresse.<\/span><\/p>\n<h4><span style=\"color: #4f3118;\">Bereitstellung vorgeschrieben oder erforderlich:<\/span><\/h4>\n<p><span style=\"color: #4f3118;\">Die Bereitstellung Ihrer personenbezogenen Daten erfolgt freiwillig. Ohne die Bereitstellung Ihrer personenbezogenen Daten k\u00f6nnen wir Ihnen keinen Zugang zu unserer Kommentarfunktion gew\u00e4hren.<\/span><\/p>\n<p>&nbsp;<\/p>\n<h3><span style=\"color: #4e4a3f;\">Kontaktformular<\/span><\/h3>\n<h4><span style=\"color: #4f3118;\">Art und Zweck der Verarbeitung:<\/span><\/h4>\n<p><span style=\"color: #4f3118;\">Die von Ihnen eingegebenen Daten werden zum Zweck der individuellen Kommunikation mit Ihnen gespeichert. Hierf\u00fcr ist die Angabe einer validen E-Mail-Adresse sowie Ihres Namens erforderlich. Diese dient der Zuordnung der Anfrage und der anschlie\u00dfenden Beantwortung derselben. Die Angabe weiterer Daten ist optional.<\/span><\/p>\n<h4><span style=\"color: #4f3118;\">Rechtsgrundlage:<\/span><\/h4>\n<p><span style=\"color: #4f3118;\">Die Verarbeitung der in das Kontaktformular eingegebenen Daten erfolgt auf der Grundlage eines berechtigten Interesses (Art. 6 Abs. 1 lit. f DSGVO).<\/span><\/p>\n<p><span style=\"color: #4f3118;\">Durch Bereitstellung des Kontaktformulars m\u00f6chten wir Ihnen eine unkomplizierte Kontaktaufnahme erm\u00f6glichen. Ihre gemachten Angaben werden zum Zwecke der Bearbeitung der Anfrage sowie f\u00fcr m\u00f6gliche Anschlussfragen gespeichert.<\/span><\/p>\n<p><span style=\"color: #4f3118;\">Sofern Sie mit uns Kontakt aufnehmen, um ein Angebot zu erfragen, erfolgt die Verarbeitung der in das Kontaktformular eingegebenen Daten zur Durchf\u00fchrung vorvertraglicher Ma\u00dfnahmen (Art. 6 Abs. 1 lit. b DSGVO).<\/span><\/p>\n<h4><span style=\"color: #4f3118;\">Empf\u00e4nger:<\/span><\/h4>\n<p><span style=\"color: #4f3118;\">Empf\u00e4nger der Daten sind ggf. Auftragsverarbeiter.<\/span><\/p>\n<h4><span style=\"color: #4f3118;\">Datenteilung:<\/span><\/h4>\n<p><span style=\"color: #4f3118;\">Daten, die in unserem System gespeichert werden, werden nicht mit Partnern oder Agenturen geteilt.<\/span><\/p>\n<h4><span style=\"color: #4f3118;\">Bereitstellung vorgeschrieben oder erforderlich:<\/span><\/h4>\n<p><span style=\"color: #4f3118;\">Die Bereitstellung Ihrer personenbezogenen Daten erfolgt freiwillig. Wir k\u00f6nnen Ihre Anfrage jedoch nur bearbeiten, sofern Sie uns Ihren Namen, Ihre E-Mail-Adresse und den Grund der Anfrage mitteilen.<\/span><\/p>\n<p>&nbsp;<\/p>\n<h3><span style=\"color: #4e4a3f;\">Verwendung von Google Maps<\/span><\/h3>\n<p><span style=\"color: #4f3118;\">Auf dieser Website nutzen wir das Angebot von Google Maps. Google Maps wird von Google LLC, 1600 Amphitheatre Parkway, Mountain View, CA 94043, USA (nachfolgend \u201eGoogle\u201c) betrieben. Dadurch k\u00f6nnen wir Ihnen interaktive Karten direkt in der Webseite anzeigen und erm\u00f6glichen Ihnen die komfortable Nutzung der Karten-Funktion.<\/span><br \/>\n<span style=\"color: #4f3118;\">N\u00e4here Informationen \u00fcber die Datenverarbeitung durch Google k\u00f6nnen Sie den Google-Datenschutzhinweisen entnehmen: <a style=\"color: #4f3118;\" href=\"https:\/\/policies.google.com\/privacy\" target=\"_blank\" rel=\"noopener nofollow\">https:\/\/policies.google.com\/privacy<\/a>. Dort k\u00f6nnen Sie im Datenschutzcenter auch Ihre pers\u00f6nlichen Datenschutz-Einstellungen ver\u00e4ndern.<\/span><\/p>\n<p><span style=\"color: #4f3118;\">Ausf\u00fchrliche Anleitungen zur Verwaltung der eigenen Daten im Zusammenhang mit Google-Produkten finden Sie hier: <a style=\"color: #4f3118;\" href=\"https:\/\/www.dataliberation.org\/\" target=\"_blank\" rel=\"noopener nofollow\">https:\/\/www.dataliberation.org<\/a><\/span><\/p>\n<p><span style=\"color: #4f3118;\">Durch den Besuch der Website erh\u00e4lt Google Informationen, dass Sie die entsprechende Unterseite unserer Webseite aufgerufen haben. Dies erfolgt unabh\u00e4ngig davon, ob Google ein Nutzerkonto bereitstellt, \u00fcber das Sie eingeloggt sind, oder ob keine Nutzerkonto besteht. Wenn Sie bei Google eingeloggt sind, werden Ihre Daten direkt Ihrem Konto zugeordnet.<\/span><\/p>\n<p><span style=\"color: #4f3118;\">Wenn Sie die Zuordnung in Ihrem Profil bei Google nicht w\u00fcnschen, m\u00fcssen Sie sich vor Aktivierung des Buttons bei Google ausloggen. Google speichert Ihre Daten als Nutzungsprofile und nutzt sie f\u00fcr Zwecke der Werbung, Marktforschung und\/oder bedarfsgerechter Gestaltung seiner Websites. Eine solche Auswertung erfolgt insbesondere (selbst f\u00fcr nicht eingeloggte Nutzer) zur Erbringung bedarfsgerechter Werbung und um andere Nutzer des sozialen Netzwerks \u00fcber Ihre Aktivit\u00e4ten auf unserer Website zu informieren. Ihnen steht ein Widerspruchsrecht zu gegen die Bildung dieser Nutzerprofile, wobei Sie sich zur Aus\u00fcbung dessen an Google richten m\u00fcssen.<\/span><\/p>\n<h4><span style=\"color: #4f3118;\">Widerruf der Einwilligung:<\/span><\/h4>\n<p><span style=\"color: #4f3118;\">Vom Anbieter wird derzeit keine M\u00f6glichkeit f\u00fcr einen einfachen Opt-out oder ein Blockieren der Daten\u00fcbertragung angeboten. Wenn Sie eine Nachverfolgung Ihrer Aktivit\u00e4ten auf unserer Website verhindern wollen, widerrufen Sie bitte im Cookie-Consent-Tool Ihre Einwilligung f\u00fcr die entsprechende Cookie-Kategorie oder alle technisch nicht notwendigen Cookies und Daten\u00fcbertragungen. In diesem Fall k\u00f6nnen Sie unsere Website jedoch ggfs. nicht oder nur eingeschr\u00e4nkt nutzen.<\/span><\/p>\n<p>&nbsp;<\/p>\n<h3><span style=\"color: #4f3118;\">Google AdWords<\/span><\/h3>\n<p><span style=\"color: #4f3118;\">Unsere Website nutzt das Google Conversion-Tracking. Betreibergesellschaft der Dienste von Google AdWords ist die Google LLC, 1600 Amphitheatre Parkway, Mountain View, CA 94043, USA. Sind Sie \u00fcber eine von Google geschaltete Anzeige auf unsere Webseite gelangt, wird von Google Adwords ein Cookie auf Ihrem Rechner gesetzt. Das Cookie f\u00fcr Conversion-Tracking wird gesetzt, wenn ein Nutzer auf eine von Google geschaltete Anzeige klickt.<\/span><\/p>\n<p><span style=\"color: #4f3118;\">Besucht der Nutzer bestimmte Seiten unserer Website und das Cookie ist noch nicht abgelaufen, k\u00f6nnen wir und Google erkennen, dass der Nutzer auf die Anzeige geklickt hat und zu dieser Seite weitergeleitet wurde. Jeder Google AdWords-Kunde erh\u00e4lt ein anderes Cookie. Cookies k\u00f6nnen somit nicht \u00fcber die Websites von AdWords-Kunden nachverfolgt werden. Die mithilfe des Conversion-Cookies eingeholten Informationen dienen dazu, Conversion-Statistiken f\u00fcr AdWords-Kunden zu erstellen, die sich f\u00fcr Conversion-Tracking entschieden haben. Die Kunden erfahren die Gesamtanzahl der Nutzer, die auf ihre Anzeige geklickt haben und zu einer mit einem Conversion-Tracking-Tag versehenen Seite weitergeleitet wurden. Sie erhalten jedoch keine Informationen, mit denen sich Nutzer pers\u00f6nlich identifizieren lassen.<\/span><\/p>\n<p><span style=\"color: #4f3118;\">N\u00e4here Informationen \u00fcber die Datenverarbeitung durch Google k\u00f6nnen Sie den Google-Datenschutzhinweisen entnehmen: <a style=\"color: #4f3118;\" href=\"https:\/\/policies.google.com\/privacy\" target=\"_blank\" rel=\"noopener nofollow\">https:\/\/policies.google.com\/privacy<\/a>. Dort k\u00f6nnen Sie im Datenschutzcenter auch Ihre pers\u00f6nlichen Datenschutz-Einstellungen ver\u00e4ndern.<\/span><\/p>\n<h4><span style=\"color: #4f3118;\">Widerruf der Einwilligung:<\/span><\/h4>\n<p><span style=\"color: #4f3118;\">Vom Anbieter wird derzeit keine M\u00f6glichkeit f\u00fcr einen einfachen Opt-out oder ein Blockieren der Daten\u00fcbertragung angeboten. Wenn Sie eine Nachverfolgung Ihrer Aktivit\u00e4ten auf unserer Website verhindern wollen, widerrufen Sie bitte im Cookie-Consent-Tool Ihre Einwilligung f\u00fcr die entsprechende Cookie-Kategorie oder alle technisch nicht notwendigen Cookies und Daten\u00fcbertragungen. In diesem Fall k\u00f6nnen Sie unsere Website jedoch ggfs. nicht oder nur eingeschr\u00e4nkt nutzen.<\/span><\/p>\n<p>&nbsp;<\/p>\n<h3><span style=\"color: #4e4a3f;\">SSL-Verschl\u00fcsselung<\/span><\/h3>\n<p><span style=\"color: #4f3118;\">Um die Sicherheit Ihrer Daten bei der \u00dcbertragung zu sch\u00fctzen, verwenden wir dem aktuellen Stand der Technik entsprechende Verschl\u00fcsselungsverfahren (z. B. SSL) \u00fcber HTTPS.<\/span><\/p>\n<p>&nbsp;<\/p>\n<h3><span style=\"color: #4e4a3f;\">Information \u00fcber Ihr Widerspruchsrecht nach Art. 21 DSGVO<\/span><\/h3>\n<h4><span style=\"color: #4f3118;\">Einzelfallbezogenes Widerspruchsrecht<\/span><\/h4>\n<p><span style=\"color: #4f3118;\">Sie haben das Recht, aus Gr\u00fcnden, die sich aus Ihrer besonderen Situation ergeben, jederzeit gegen die Verarbeitung Sie betreffender personenbezogener Daten, die aufgrund Art. 6 Abs. 1 lit. f DSGVO (Datenverarbeitung auf der Grundlage einer Interessenabw\u00e4gung) erfolgt, Widerspruch einzulegen; dies gilt auch f\u00fcr ein auf diese Bestimmung gest\u00fctztes Profiling im Sinne von Art. 4 Nr. 4 DSGVO.<\/span><\/p>\n<p><span style=\"color: #4f3118;\">Legen Sie Widerspruch ein, werden wir Ihre personenbezogenen Daten nicht mehr verarbeiten, es sei denn, wir k\u00f6nnen zwingende schutzw\u00fcrdige Gr\u00fcnde f\u00fcr die Verarbeitung nachweisen, die Ihre Interessen, Rechte und Freiheiten \u00fcberwiegen, oder die Verarbeitung dient der Geltendmachung, Aus\u00fcbung oder Verteidigung von Rechtsanspr\u00fcchen.<\/span><\/p>\n<p>&nbsp;<\/p>\n<h3><span style=\"color: #4e4a3f;\">\u00c4nderung unserer Datenschutzbestimmungen<\/span><\/h3>\n<p><span style=\"color: #4f3118;\">Wir behalten uns vor, diese Datenschutzerkl\u00e4rung anzupassen, damit sie stets den aktuellen rechtlichen Anforderungen entspricht oder um \u00c4nderungen unserer Leistungen in der Datenschutzerkl\u00e4rung umzusetzen, z.B. bei der Einf\u00fchrung neuer Services. F\u00fcr Ihren erneuten Besuch gilt dann die neue Datenschutzerkl\u00e4rung.<\/span><\/p>\n<p>&nbsp;<\/p>\n<h3><span style=\"color: #4e4a3f;\">Fragen an den Datenschutzbeauftragten<\/span><\/h3>\n<p><span style=\"color: #4f3118;\">Wenn Sie Fragen zum Datenschutz haben, schreiben Sie uns bitte eine E-Mail oder wenden Sie sich direkt an die f\u00fcr den Datenschutz verantwortliche Person in unserer Organisation.<\/span>[\/vc_column_text][vc_empty_space][\/vc_column][\/vc_row]<\/p>\n","protected":false},"excerpt":{"rendered":"<p> [&hellip;]<\/p>\n","protected":false},"author":1,"featured_media":0,"parent":0,"menu_order":0,"comment_status":"closed","ping_status":"closed","template":"","meta":{"footnotes":""},"class_list":["post-3761","page","type-page","status-publish","hentry"],"yoast_head":"<!-- This site is optimized with the Yoast SEO plugin v23.9 - https:\/\/yoast.com\/wordpress\/plugins\/seo\/ -->\n<title>Datenschutz - the asian trip<\/title>\n<meta name=\"robots\" content=\"index, follow, max-snippet:-1, max-image-preview:large, max-video-preview:-1\" \/>\n<link rel=\"canonical\" href=\"https:\/\/theasiantrip.com\/de\/datenschutz\/\" \/>\n<meta property=\"og:locale\" content=\"de_DE\" \/>\n<meta property=\"og:type\" content=\"article\" \/>\n<meta property=\"og:title\" content=\"Datenschutz - the asian trip\" \/>\n<meta property=\"og:description\" content=\"[&hellip;]\" \/>\n<meta property=\"og:url\" content=\"https:\/\/theasiantrip.com\/de\/datenschutz\/\" \/>\n<meta property=\"og:site_name\" content=\"the asian trip\" \/>\n<meta property=\"article:modified_time\" content=\"2025-07-30T05:23:22+00:00\" \/>\n<meta name=\"twitter:card\" content=\"summary_large_image\" \/>\n<meta name=\"twitter:label1\" content=\"Gesch\u00e4tzte Lesezeit\" \/>\n\t<meta name=\"twitter:data1\" content=\"8\u00a0Minuten\" \/>\n<script type=\"application\/ld+json\" class=\"yoast-schema-graph\">{\"@context\":\"https:\/\/schema.org\",\"@graph\":[{\"@type\":\"WebPage\",\"@id\":\"https:\/\/theasiantrip.com\/de\/datenschutz\/\",\"url\":\"https:\/\/theasiantrip.com\/de\/datenschutz\/\",\"name\":\"Datenschutz - the asian trip\",\"isPartOf\":{\"@id\":\"https:\/\/theasiantrip.com\/de\/#website\"},\"datePublished\":\"2021-03-09T18:02:54+00:00\",\"dateModified\":\"2025-07-30T05:23:22+00:00\",\"breadcrumb\":{\"@id\":\"https:\/\/theasiantrip.com\/de\/datenschutz\/#breadcrumb\"},\"inLanguage\":\"de\",\"potentialAction\":[{\"@type\":\"ReadAction\",\"target\":[\"https:\/\/theasiantrip.com\/de\/datenschutz\/\"]}]},{\"@type\":\"BreadcrumbList\",\"@id\":\"https:\/\/theasiantrip.com\/de\/datenschutz\/#breadcrumb\",\"itemListElement\":[{\"@type\":\"ListItem\",\"position\":1,\"name\":\"Startseite\",\"item\":\"https:\/\/theasiantrip.com\/de\/\"},{\"@type\":\"ListItem\",\"position\":2,\"name\":\"Datenschutz\"}]},{\"@type\":\"WebSite\",\"@id\":\"https:\/\/theasiantrip.com\/de\/#website\",\"url\":\"https:\/\/theasiantrip.com\/de\/\",\"name\":\"Home\",\"description\":\"Exklusive Reisen nach Asien\",\"publisher\":{\"@id\":\"https:\/\/theasiantrip.com\/de\/#organization\"},\"potentialAction\":[{\"@type\":\"SearchAction\",\"target\":{\"@type\":\"EntryPoint\",\"urlTemplate\":\"https:\/\/theasiantrip.com\/de\/?s={search_term_string}\"},\"query-input\":{\"@type\":\"PropertyValueSpecification\",\"valueRequired\":true,\"valueName\":\"search_term_string\"}}],\"inLanguage\":\"de\"},{\"@type\":\"Organization\",\"@id\":\"https:\/\/theasiantrip.com\/de\/#organization\",\"name\":\"the asian trip\",\"url\":\"https:\/\/theasiantrip.com\/de\/\",\"logo\":{\"@type\":\"ImageObject\",\"inLanguage\":\"de\",\"@id\":\"https:\/\/theasiantrip.com\/de\/#\/schema\/logo\/image\/\",\"url\":\"https:\/\/theasiantrip.com\/de\/wp-content\/uploads\/2020\/05\/the_asian_trip_Logo_webversion_small_green.gif\",\"contentUrl\":\"https:\/\/theasiantrip.com\/de\/wp-content\/uploads\/2020\/05\/the_asian_trip_Logo_webversion_small_green.gif\",\"width\":266,\"height\":266,\"caption\":\"the asian trip\"},\"image\":{\"@id\":\"https:\/\/theasiantrip.com\/de\/#\/schema\/logo\/image\/\"}}]}<\/script>\n<!-- \/ Yoast SEO plugin. -->","yoast_head_json":{"title":"Datenschutz - the asian trip","robots":{"index":"index","follow":"follow","max-snippet":"max-snippet:-1","max-image-preview":"max-image-preview:large","max-video-preview":"max-video-preview:-1"},"canonical":"https:\/\/theasiantrip.com\/de\/datenschutz\/","og_locale":"de_DE","og_type":"article","og_title":"Datenschutz - the asian trip","og_description":"[&hellip;]","og_url":"https:\/\/theasiantrip.com\/de\/datenschutz\/","og_site_name":"the asian trip","article_modified_time":"2025-07-30T05:23:22+00:00","twitter_card":"summary_large_image","twitter_misc":{"Gesch\u00e4tzte Lesezeit":"8\u00a0Minuten"},"schema":{"@context":"https:\/\/schema.org","@graph":[{"@type":"WebPage","@id":"https:\/\/theasiantrip.com\/de\/datenschutz\/","url":"https:\/\/theasiantrip.com\/de\/datenschutz\/","name":"Datenschutz - the asian trip","isPartOf":{"@id":"https:\/\/theasiantrip.com\/de\/#website"},"datePublished":"2021-03-09T18:02:54+00:00","dateModified":"2025-07-30T05:23:22+00:00","breadcrumb":{"@id":"https:\/\/theasiantrip.com\/de\/datenschutz\/#breadcrumb"},"inLanguage":"de","potentialAction":[{"@type":"ReadAction","target":["https:\/\/theasiantrip.com\/de\/datenschutz\/"]}]},{"@type":"BreadcrumbList","@id":"https:\/\/theasiantrip.com\/de\/datenschutz\/#breadcrumb","itemListElement":[{"@type":"ListItem","position":1,"name":"Startseite","item":"https:\/\/theasiantrip.com\/de\/"},{"@type":"ListItem","position":2,"name":"Datenschutz"}]},{"@type":"WebSite","@id":"https:\/\/theasiantrip.com\/de\/#website","url":"https:\/\/theasiantrip.com\/de\/","name":"Home","description":"Exklusive Reisen nach Asien","publisher":{"@id":"https:\/\/theasiantrip.com\/de\/#organization"},"potentialAction":[{"@type":"SearchAction","target":{"@type":"EntryPoint","urlTemplate":"https:\/\/theasiantrip.com\/de\/?s={search_term_string}"},"query-input":{"@type":"PropertyValueSpecification","valueRequired":true,"valueName":"search_term_string"}}],"inLanguage":"de"},{"@type":"Organization","@id":"https:\/\/theasiantrip.com\/de\/#organization","name":"the asian trip","url":"https:\/\/theasiantrip.com\/de\/","logo":{"@type":"ImageObject","inLanguage":"de","@id":"https:\/\/theasiantrip.com\/de\/#\/schema\/logo\/image\/","url":"https:\/\/theasiantrip.com\/de\/wp-content\/uploads\/2020\/05\/the_asian_trip_Logo_webversion_small_green.gif","contentUrl":"https:\/\/theasiantrip.com\/de\/wp-content\/uploads\/2020\/05\/the_asian_trip_Logo_webversion_small_green.gif","width":266,"height":266,"caption":"the asian trip"},"image":{"@id":"https:\/\/theasiantrip.com\/de\/#\/schema\/logo\/image\/"}}]}},"_links":{"self":[{"href":"https:\/\/theasiantrip.com\/de\/wp-json\/wp\/v2\/pages\/3761","targetHints":{"allow":["GET"]}}],"collection":[{"href":"https:\/\/theasiantrip.com\/de\/wp-json\/wp\/v2\/pages"}],"about":[{"href":"https:\/\/theasiantrip.com\/de\/wp-json\/wp\/v2\/types\/page"}],"author":[{"embeddable":true,"href":"https:\/\/theasiantrip.com\/de\/wp-json\/wp\/v2\/users\/1"}],"replies":[{"embeddable":true,"href":"https:\/\/theasiantrip.com\/de\/wp-json\/wp\/v2\/comments?post=3761"}],"version-history":[{"count":16,"href":"https:\/\/theasiantrip.com\/de\/wp-json\/wp\/v2\/pages\/3761\/revisions"}],"predecessor-version":[{"id":4809,"href":"https:\/\/theasiantrip.com\/de\/wp-json\/wp\/v2\/pages\/3761\/revisions\/4809"}],"wp:attachment":[{"href":"https:\/\/theasiantrip.com\/de\/wp-json\/wp\/v2\/media?parent=3761"}],"curies":[{"name":"wp","href":"https:\/\/api.w.org\/{rel}","templated":true}]}}