{"id":225,"date":"2017-08-25T11:27:29","date_gmt":"2017-08-25T11:27:29","guid":{"rendered":"http:\/\/getaway.select-themes.com\/?page_id=225"},"modified":"2025-07-30T17:38:03","modified_gmt":"2025-07-30T12:08:03","slug":"unsere-reiseziele","status":"publish","type":"page","link":"https:\/\/theasiantrip.com\/de\/unsere-reiseziele\/","title":{"rendered":"Unsere Reiseziele"},"content":{"rendered":"<p>[vc_row row_content_width=&#8220;grid&#8220; content_text_aligment=&#8220;left&#8220; css=&#8220;.vc_custom_1506067941398{padding-top: 100px !important;padding-bottom: 72px !important;}&#8220;][vc_column css=&#8220;.vc_custom_1503664299442{margin-right: 10px !important;margin-left: 10px !important;}&#8220;]<div class=\"qodef-elements-holder   qodef-one-column  qodef-responsive-mode-768 \" ><div class=\"qodef-eh-item     \"  data-item-class=\"qodef-eh-custom-9434\" data-1024-1280=\"0 42% 0 0\" data-768-1024=\"0 15% 0 0\" data-680-768=\"0 0\" data-680=\"0 0\">\n\t<div class=\"qodef-eh-item-inner\">\n\t\t<div class=\"qodef-eh-item-content qodef-eh-custom-9434\" style=\"padding: 0 50% 0 0\">\n\t\t\t<div class=\"qodef-section-title-holder  qodef-st-standard qodef-st-title-left qodef-st-normal-space  \" >\n\t<div class=\"qodef-st-inner\">\n\t\t\t\t\t<h2 class=\"qodef-st-title\" style=\"color: #7bae7f\">\n\t\t\t\t<span class=\"qodef-st-title-bold\">Planen<\/span> Sie mit uns<br \/> Ihre <span class=\"qodef-st-title-bold\">individuelle<\/span> <span class=\"qodef-st-title-bold\">&amp;<\/span> <span class=\"qodef-st-title-bold\">exklusive<\/span> Asien Reise\t\t\t<\/h2>\n\t\t\t\t\t\t\t<h5 class=\"qodef-st-text\" style=\"color: #4f3118\">\n\t\t\t\tPlanen Sie mit uns Ihre Asien Reise. Lassen sie sich von unseren Reisezielen und den Reise-Ideen inspirieren. Unsere Reisevorschl\u00e4ge k\u00f6nnen ganz individuell an Ihre pers\u00f6nlichen Bed\u00fcrfnisse angepasst werden.\t\t\t<\/h5>\n\t\t\t<\/div>\n<\/div>[vc_empty_space height=&#8220;19px&#8220;]\t\t<\/div>\n\t<\/div>\n\t<\/div><\/div>[vc_column_text]<\/p>\n<h3><span style=\"color: #7bae7f;\">Unsere Reiseziele<\/span><\/h3>\n<p>[\/vc_column_text][vc_empty_space height=&#8220;15px&#8220;]<div class=\"qodef-tours-destination-grid\">\n\t\t\t<div class=\"qodef-tours-destination-holder qodef-tours-row qodef-tr-tiny-space qodef-tours-columns-3 qodef-dg-light-skin\">\n\t        <div class=\"qodef-tours-row-inner-holder\">\n\t\t\t\t\t\t\t\t\t\n\t\t\t\t\t\t\t\t\t\t\t<div class=\"qodef-tours-destination-grid-item qodef-tours-row-item post-310 destinations type-destinations status-publish has-post-thumbnail hentry\">\n\t\t\t\t\t\t\t<div class=\"qodef-tours-destination-item-holder\">\n\t\t\t\t\t\t\t\t<a href=\"https:\/\/theasiantrip.com\/de\/destinations\/indien\/\">\n\t\t\t\t\t\t\t\t\t<div class=\"qodef-tours-destination-item-image\">\n\t\t\t\t\t\t\t\t\t\t<img loading=\"lazy\" decoding=\"async\" width=\"1100\" height=\"824\" src=\"https:\/\/theasiantrip.com\/de\/wp-content\/uploads\/2020\/05\/taj1100times824.jpg\" class=\"attachment-full size-full wp-post-image\" alt=\"\" srcset=\"https:\/\/theasiantrip.com\/de\/wp-content\/uploads\/2020\/05\/taj1100times824.jpg 1100w, https:\/\/theasiantrip.com\/de\/wp-content\/uploads\/2020\/05\/taj1100times824-300x225.jpg 300w, https:\/\/theasiantrip.com\/de\/wp-content\/uploads\/2020\/05\/taj1100times824-1024x767.jpg 1024w, https:\/\/theasiantrip.com\/de\/wp-content\/uploads\/2020\/05\/taj1100times824-768x575.jpg 768w, https:\/\/theasiantrip.com\/de\/wp-content\/uploads\/2020\/05\/taj1100times824-600x449.jpg 600w\" sizes=\"auto, (max-width: 1100px) 100vw, 1100px\" \/>\t\t\t\t\t\t\t\t\t<\/div>\n\n\t\t\t\t\t\t\t\t\t<div class=\"qodef-tours-destination-item-content\">\n\t\t\t\t\t\t\t\t\t\t<div class=\"qodef-tours-destination-item-content-inner\">\n\t\t\t\t\t\t\t\t\t\t\t<h2 class=\"qodef-tours-destination-item-title\">Indien<\/h2>\n\t\t\t\t\t\t\t\t\t\t<\/div>\n\t\t\t\t\t\t\t\t\t<\/div>\n\t\t\t\t\t\t\t\t<\/a>\n\t\t\t\t\t\t\t<\/div>\n\t\t\t\t\t\t<\/div>\n\t\t\t\t\t\t\t\t\t\t\t\t\t\t\n\t\t\t\t\t\t\t\t\t\t\t<div class=\"qodef-tours-destination-grid-item qodef-tours-row-item post-305 destinations type-destinations status-publish has-post-thumbnail hentry\">\n\t\t\t\t\t\t\t<div class=\"qodef-tours-destination-item-holder\">\n\t\t\t\t\t\t\t\t<a href=\"https:\/\/theasiantrip.com\/de\/destinations\/nepal\/\">\n\t\t\t\t\t\t\t\t\t<div class=\"qodef-tours-destination-item-image\">\n\t\t\t\t\t\t\t\t\t\t<img loading=\"lazy\" decoding=\"async\" width=\"1100\" height=\"824\" src=\"https:\/\/theasiantrip.com\/de\/wp-content\/uploads\/2020\/05\/nepal-destination-vorschau.jpg\" class=\"attachment-full size-full wp-post-image\" alt=\"\" srcset=\"https:\/\/theasiantrip.com\/de\/wp-content\/uploads\/2020\/05\/nepal-destination-vorschau.jpg 1100w, https:\/\/theasiantrip.com\/de\/wp-content\/uploads\/2020\/05\/nepal-destination-vorschau-300x225.jpg 300w, https:\/\/theasiantrip.com\/de\/wp-content\/uploads\/2020\/05\/nepal-destination-vorschau-1024x767.jpg 1024w, https:\/\/theasiantrip.com\/de\/wp-content\/uploads\/2020\/05\/nepal-destination-vorschau-768x575.jpg 768w, https:\/\/theasiantrip.com\/de\/wp-content\/uploads\/2020\/05\/nepal-destination-vorschau-600x449.jpg 600w\" sizes=\"auto, (max-width: 1100px) 100vw, 1100px\" \/>\t\t\t\t\t\t\t\t\t<\/div>\n\n\t\t\t\t\t\t\t\t\t<div class=\"qodef-tours-destination-item-content\">\n\t\t\t\t\t\t\t\t\t\t<div class=\"qodef-tours-destination-item-content-inner\">\n\t\t\t\t\t\t\t\t\t\t\t<h2 class=\"qodef-tours-destination-item-title\">Nepal<\/h2>\n\t\t\t\t\t\t\t\t\t\t<\/div>\n\t\t\t\t\t\t\t\t\t<\/div>\n\t\t\t\t\t\t\t\t<\/a>\n\t\t\t\t\t\t\t<\/div>\n\t\t\t\t\t\t<\/div>\n\t\t\t\t\t\t\t\t\t\t\t\t\t\t\n\t\t\t\t\t\t\t\t\t\t\t<div class=\"qodef-tours-destination-grid-item qodef-tours-row-item post-67 destinations type-destinations status-publish has-post-thumbnail hentry\">\n\t\t\t\t\t\t\t<div class=\"qodef-tours-destination-item-holder\">\n\t\t\t\t\t\t\t\t<a href=\"https:\/\/theasiantrip.com\/de\/destinations\/bhutan\/\">\n\t\t\t\t\t\t\t\t\t<div class=\"qodef-tours-destination-item-image\">\n\t\t\t\t\t\t\t\t\t\t<img loading=\"lazy\" decoding=\"async\" width=\"1100\" height=\"824\" src=\"https:\/\/theasiantrip.com\/de\/wp-content\/uploads\/2020\/02\/bhutan-vorschau-1.jpg\" class=\"attachment-full size-full wp-post-image\" alt=\"\" srcset=\"https:\/\/theasiantrip.com\/de\/wp-content\/uploads\/2020\/02\/bhutan-vorschau-1.jpg 1100w, https:\/\/theasiantrip.com\/de\/wp-content\/uploads\/2020\/02\/bhutan-vorschau-1-300x225.jpg 300w, https:\/\/theasiantrip.com\/de\/wp-content\/uploads\/2020\/02\/bhutan-vorschau-1-1024x767.jpg 1024w, https:\/\/theasiantrip.com\/de\/wp-content\/uploads\/2020\/02\/bhutan-vorschau-1-768x575.jpg 768w, https:\/\/theasiantrip.com\/de\/wp-content\/uploads\/2020\/02\/bhutan-vorschau-1-600x449.jpg 600w\" sizes=\"auto, (max-width: 1100px) 100vw, 1100px\" \/>\t\t\t\t\t\t\t\t\t<\/div>\n\n\t\t\t\t\t\t\t\t\t<div class=\"qodef-tours-destination-item-content\">\n\t\t\t\t\t\t\t\t\t\t<div class=\"qodef-tours-destination-item-content-inner\">\n\t\t\t\t\t\t\t\t\t\t\t<h2 class=\"qodef-tours-destination-item-title\">Bhutan<\/h2>\n\t\t\t\t\t\t\t\t\t\t<\/div>\n\t\t\t\t\t\t\t\t\t<\/div>\n\t\t\t\t\t\t\t\t<\/a>\n\t\t\t\t\t\t\t<\/div>\n\t\t\t\t\t\t<\/div>\n\t\t\t\t\t\t\t\t\t\t\t\t\t\t\n\t\t\t\t\t\t\t\t\t\t\t<div class=\"qodef-tours-destination-grid-item qodef-tours-row-item post-224 destinations type-destinations status-publish has-post-thumbnail hentry\">\n\t\t\t\t\t\t\t<div class=\"qodef-tours-destination-item-holder\">\n\t\t\t\t\t\t\t\t<a href=\"https:\/\/theasiantrip.com\/de\/destinations\/sri-lanka\/\">\n\t\t\t\t\t\t\t\t\t<div class=\"qodef-tours-destination-item-image\">\n\t\t\t\t\t\t\t\t\t\t<img loading=\"lazy\" decoding=\"async\" width=\"1100\" height=\"824\" src=\"https:\/\/theasiantrip.com\/de\/wp-content\/uploads\/2020\/03\/sri-lanka-vorschau-1.jpg\" class=\"attachment-full size-full wp-post-image\" alt=\"\" srcset=\"https:\/\/theasiantrip.com\/de\/wp-content\/uploads\/2020\/03\/sri-lanka-vorschau-1.jpg 1100w, https:\/\/theasiantrip.com\/de\/wp-content\/uploads\/2020\/03\/sri-lanka-vorschau-1-300x225.jpg 300w, https:\/\/theasiantrip.com\/de\/wp-content\/uploads\/2020\/03\/sri-lanka-vorschau-1-1024x767.jpg 1024w, https:\/\/theasiantrip.com\/de\/wp-content\/uploads\/2020\/03\/sri-lanka-vorschau-1-768x575.jpg 768w, https:\/\/theasiantrip.com\/de\/wp-content\/uploads\/2020\/03\/sri-lanka-vorschau-1-600x449.jpg 600w\" sizes=\"auto, (max-width: 1100px) 100vw, 1100px\" \/>\t\t\t\t\t\t\t\t\t<\/div>\n\n\t\t\t\t\t\t\t\t\t<div class=\"qodef-tours-destination-item-content\">\n\t\t\t\t\t\t\t\t\t\t<div class=\"qodef-tours-destination-item-content-inner\">\n\t\t\t\t\t\t\t\t\t\t\t<h2 class=\"qodef-tours-destination-item-title\">Sri Lanka<\/h2>\n\t\t\t\t\t\t\t\t\t\t<\/div>\n\t\t\t\t\t\t\t\t\t<\/div>\n\t\t\t\t\t\t\t\t<\/a>\n\t\t\t\t\t\t\t<\/div>\n\t\t\t\t\t\t<\/div>\n\t\t\t\t\t\t\t\t\t\t\t\t\t\t\n\t\t\t\t\t\t\t\t\t\t\t<div class=\"qodef-tours-destination-grid-item qodef-tours-row-item post-2653 destinations type-destinations status-publish has-post-thumbnail hentry\">\n\t\t\t\t\t\t\t<div class=\"qodef-tours-destination-item-holder\">\n\t\t\t\t\t\t\t\t<a href=\"https:\/\/theasiantrip.com\/de\/destinations\/malediven\/\">\n\t\t\t\t\t\t\t\t\t<div class=\"qodef-tours-destination-item-image\">\n\t\t\t\t\t\t\t\t\t\t<img loading=\"lazy\" decoding=\"async\" width=\"1100\" height=\"824\" src=\"https:\/\/theasiantrip.com\/de\/wp-content\/uploads\/2020\/03\/malediven-header-1.jpg\" class=\"attachment-full size-full wp-post-image\" alt=\"\" srcset=\"https:\/\/theasiantrip.com\/de\/wp-content\/uploads\/2020\/03\/malediven-header-1.jpg 1100w, https:\/\/theasiantrip.com\/de\/wp-content\/uploads\/2020\/03\/malediven-header-1-300x225.jpg 300w, https:\/\/theasiantrip.com\/de\/wp-content\/uploads\/2020\/03\/malediven-header-1-1024x767.jpg 1024w, https:\/\/theasiantrip.com\/de\/wp-content\/uploads\/2020\/03\/malediven-header-1-768x575.jpg 768w, https:\/\/theasiantrip.com\/de\/wp-content\/uploads\/2020\/03\/malediven-header-1-600x449.jpg 600w\" sizes=\"auto, (max-width: 1100px) 100vw, 1100px\" \/>\t\t\t\t\t\t\t\t\t<\/div>\n\n\t\t\t\t\t\t\t\t\t<div class=\"qodef-tours-destination-item-content\">\n\t\t\t\t\t\t\t\t\t\t<div class=\"qodef-tours-destination-item-content-inner\">\n\t\t\t\t\t\t\t\t\t\t\t<h2 class=\"qodef-tours-destination-item-title\">Malediven<\/h2>\n\t\t\t\t\t\t\t\t\t\t<\/div>\n\t\t\t\t\t\t\t\t\t<\/div>\n\t\t\t\t\t\t\t\t<\/a>\n\t\t\t\t\t\t\t<\/div>\n\t\t\t\t\t\t<\/div>\n\t\t\t\t\t\t\t\t\t\t\t\t\t\t\n\t\t\t\t\t\t\t\t\t\t\t<div class=\"qodef-tours-destination-grid-item qodef-tours-row-item post-3328 destinations type-destinations status-publish has-post-thumbnail hentry\">\n\t\t\t\t\t\t\t<div class=\"qodef-tours-destination-item-holder\">\n\t\t\t\t\t\t\t\t<a href=\"https:\/\/theasiantrip.com\/de\/destinations\/vietnam\/\">\n\t\t\t\t\t\t\t\t\t<div class=\"qodef-tours-destination-item-image\">\n\t\t\t\t\t\t\t\t\t\t<img loading=\"lazy\" decoding=\"async\" width=\"1100\" height=\"824\" src=\"https:\/\/theasiantrip.com\/de\/wp-content\/uploads\/2020\/05\/india-map.jpg\" class=\"attachment-full size-full wp-post-image\" alt=\"\" srcset=\"https:\/\/theasiantrip.com\/de\/wp-content\/uploads\/2020\/05\/india-map.jpg 1100w, https:\/\/theasiantrip.com\/de\/wp-content\/uploads\/2020\/05\/india-map-300x225.jpg 300w, https:\/\/theasiantrip.com\/de\/wp-content\/uploads\/2020\/05\/india-map-1024x767.jpg 1024w, https:\/\/theasiantrip.com\/de\/wp-content\/uploads\/2020\/05\/india-map-768x575.jpg 768w, https:\/\/theasiantrip.com\/de\/wp-content\/uploads\/2020\/05\/india-map-600x449.jpg 600w\" sizes=\"auto, (max-width: 1100px) 100vw, 1100px\" \/>\t\t\t\t\t\t\t\t\t<\/div>\n\n\t\t\t\t\t\t\t\t\t<div class=\"qodef-tours-destination-item-content\">\n\t\t\t\t\t\t\t\t\t\t<div class=\"qodef-tours-destination-item-content-inner\">\n\t\t\t\t\t\t\t\t\t\t\t<h2 class=\"qodef-tours-destination-item-title\">Kontaktieren Sie uns<\/h2>\n\t\t\t\t\t\t\t\t\t\t<\/div>\n\t\t\t\t\t\t\t\t\t<\/div>\n\t\t\t\t\t\t\t\t<\/a>\n\t\t\t\t\t\t\t<\/div>\n\t\t\t\t\t\t<\/div>\n\t\t\t\t\t\t\t\t\t\t\t\t<\/div>\n\t\t<\/div>\n\n\t\t\n\t<\/div>[\/vc_column][\/vc_row][vc_row css=&#8220;.vc_custom_1665300180275{margin-right: 20px !important;margin-left: 20px !important;padding-right: 10px !important;padding-left: 10px !important;background-color: #f6f6f6 !important;}&#8220;][vc_column width=&#8220;1\/3&#8243; css=&#8220;.vc_custom_1503664328753{padding-top: 10px !important;padding-bottom: 10px !important;}&#8220;][vc_column_text]<\/p>\n<h3><span style=\"color: #7bae7f;\"><strong>Indien<\/strong><\/span><\/h3>\n<p><span style=\"color: #4f3118;\">Indien &#8211; Begeben Sie sich auf eine Reise in eines der vielf\u00e4ltigsten L\u00e4nder Asiens. Indien bietet eine vielzahl von Reisehighlights, die innerhalb einer Reise kaum zu erleben sind. Das Reiseland bietet drei verschiedene Landschaftszonen die Sie auf Ihrer Indien Rundreise erfahren k\u00f6nnen. Der indische Subkontinent bezaubert kulturell sowie landschaftlich. Lernen Sie alle Facetten Indiens auf einer Rundreise kennen.<\/span>[\/vc_column_text][vc_empty_space height=&#8220;30px&#8220;][vc_column_text]<\/p>\n<h3><span style=\"color: #7bae7f;\"><strong>Sri Lanka<\/strong><\/span><\/h3>\n<p><span style=\"color: #4f3118;\">Reisen Sie zu der Perle des Indischen Ozeans &#8211; Sri Lanka. Bekannt f\u00fcr seine traumhaften Str\u00e4nde, alten buddhistischen Ruinen und Gew\u00fcrzplantagen. Erleben Sie eine Reise auf eine Insel die vielf\u00e4ltiger nicht sein k\u00f6nnte. Bezaubernde Flora und Fauna, reiche Kultur und atemberaubende Str\u00e4nde. Unternehmen Sie eine Rundreise mit dem Zug von Kandy nach Ella durch das zentrale Hochland, vorbei an Teeplantagen und Wasserf\u00e4llen. Sri Lanka ist eines der beliebtesten Reiseziele Asiens.<\/span>[\/vc_column_text][vc_empty_space height=&#8220;30px&#8220;][\/vc_column][vc_column width=&#8220;1\/3&#8243;][vc_column_text]<\/p>\n<h3><span style=\"color: #7bae7f;\"><strong>Nepal<\/strong><\/span><\/h3>\n<p><span style=\"color: #4f3118;\">Entdecken Sie bei einer Rundreise durch Nepal die beeindruckende Landschaft, die pr\u00e4chtigen Tempelanlagen von Kathmandu und die kulturelle vielf\u00e4ltigkeit Nepals. Lassen Sie sich verzaubern von der atemberaubenden Bergwelt und reisen Sie durch ein eindrucksvolles Reiseland. Wir zeigen Ihnen die sch\u00f6nsten Reiseziele Nepals &#8211; Pokhara, Chitwan Nationalpark und Annapurna. Lassen Sie ihre Reise unvergesslich werden.<\/span>[\/vc_column_text][vc_empty_space height=&#8220;30px&#8220;][vc_column_text]<\/p>\n<h3><span style=\"color: #7bae7f;\"><strong>Malediven<\/strong><\/span><\/h3>\n<p><span style=\"color: #4f3118;\">Urlaub auf den Malediven &#8211; Begeben sie sich auf eine traumhafte Reise zu blauen Lagunen, kristallklarem Wasser und wei\u00dfen Sandstr\u00e4nden. Erholen Sie sich bei sonnigen Temperaturen am Strand und lassen Sie Ihre Seele baumeln. Die Malediven sind das perfekte Reiseziel f\u00fcr Strandliebhaber als reiner Erholungsurlaub, oder nach einer eindrucksvollen Rundreise durch Indien oder Sri Lanka.<\/span>[\/vc_column_text][vc_empty_space height=&#8220;30px&#8220;][\/vc_column][vc_column width=&#8220;1\/3&#8243;][vc_column_text]<\/p>\n<h3><span style=\"color: #7bae7f;\"><strong>Bhutan<\/strong><\/span><\/h3>\n<p><span style=\"color: #4f3118;\">Das buddhistische K\u00f6nigreich Bhutan versteckt sich am \u00f6stlichen Rande des Himalayas. Abgelegen vom Massentourismus entdecken Sie auf Ihrer Reise spektakul\u00e4re Landschaften, prunkvolle Tempel und festungsartige Kl\u00f6ster. Der Bhutan ist so urspr\u00fcnglich wie kaum ein anderes asiatisches Reiseland.<\/span><br \/>\n<span style=\"color: #4f3118;\">Erleben Sie eine Rundreise durch ein faszinierendes Land, welches unter den Top 10 der hochwertigsten Reisedestinationen der Welt gef\u00fchrt wird.<\/span>[\/vc_column_text][vc_empty_space height=&#8220;30px&#8220;][vc_column_text css=&#8220;.vc_custom_1753877019569{padding-right: 10px !important;padding-left: 10px !important;background-color: #7bae7f !important;}&#8220;]<\/p>\n<div class=\"wpb_text_column wpb_content_element \">\n<div class=\"wpb_wrapper\">\n<div class=\"wpb_text_column wpb_content_element \">\n<div class=\"wpb_wrapper\">\n<h2><span style=\"color: #ffffff;\"><em>Nehmen Sie gerne Kontakt mit uns auf, um mehr Informationen \u00fcber unsere Reiseziele zu erhalten!<\/em><\/span><\/h2>\n<\/div>\n<\/div>\n<\/div>\n<\/div>\n<p>[\/vc_column_text][vc_empty_space height=&#8220;30px&#8220;][\/vc_column][\/vc_row]<\/p>\n","protected":false},"excerpt":{"rendered":"<p> [&hellip;]<\/p>\n","protected":false},"author":1,"featured_media":3256,"parent":0,"menu_order":0,"comment_status":"closed","ping_status":"closed","template":"full-width.php","meta":{"footnotes":""},"class_list":["post-225","page","type-page","status-publish","has-post-thumbnail","hentry"],"yoast_head":"<!-- This site is optimized with the Yoast SEO plugin v23.9 - https:\/\/yoast.com\/wordpress\/plugins\/seo\/ -->\n<title>Unsere Reiseziele - the asian trip<\/title>\n<meta name=\"robots\" content=\"index, follow, max-snippet:-1, max-image-preview:large, max-video-preview:-1\" \/>\n<link rel=\"canonical\" href=\"https:\/\/theasiantrip.com\/de\/unsere-reiseziele\/\" \/>\n<meta property=\"og:locale\" content=\"de_DE\" \/>\n<meta property=\"og:type\" content=\"article\" \/>\n<meta property=\"og:title\" content=\"Unsere Reiseziele - the asian trip\" \/>\n<meta property=\"og:description\" content=\"[&hellip;]\" \/>\n<meta property=\"og:url\" content=\"https:\/\/theasiantrip.com\/de\/unsere-reiseziele\/\" \/>\n<meta property=\"og:site_name\" content=\"the asian trip\" \/>\n<meta property=\"article:modified_time\" content=\"2025-07-30T12:08:03+00:00\" \/>\n<meta property=\"og:image\" content=\"https:\/\/theasiantrip.com\/de\/wp-content\/uploads\/2020\/05\/destination-header.jpg\" \/>\n\t<meta property=\"og:image:width\" content=\"1920\" \/>\n\t<meta property=\"og:image:height\" content=\"510\" \/>\n\t<meta property=\"og:image:type\" content=\"image\/jpeg\" \/>\n<meta name=\"twitter:card\" content=\"summary_large_image\" \/>\n<meta name=\"twitter:label1\" content=\"Gesch\u00e4tzte Lesezeit\" \/>\n\t<meta name=\"twitter:data1\" content=\"3\u00a0Minuten\" \/>\n<script type=\"application\/ld+json\" class=\"yoast-schema-graph\">{\"@context\":\"https:\/\/schema.org\",\"@graph\":[{\"@type\":\"WebPage\",\"@id\":\"https:\/\/theasiantrip.com\/de\/unsere-reiseziele\/\",\"url\":\"https:\/\/theasiantrip.com\/de\/unsere-reiseziele\/\",\"name\":\"Unsere Reiseziele - the asian trip\",\"isPartOf\":{\"@id\":\"https:\/\/theasiantrip.com\/de\/#website\"},\"primaryImageOfPage\":{\"@id\":\"https:\/\/theasiantrip.com\/de\/unsere-reiseziele\/#primaryimage\"},\"image\":{\"@id\":\"https:\/\/theasiantrip.com\/de\/unsere-reiseziele\/#primaryimage\"},\"thumbnailUrl\":\"https:\/\/theasiantrip.com\/de\/wp-content\/uploads\/2020\/05\/destination-header.jpg\",\"datePublished\":\"2017-08-25T11:27:29+00:00\",\"dateModified\":\"2025-07-30T12:08:03+00:00\",\"breadcrumb\":{\"@id\":\"https:\/\/theasiantrip.com\/de\/unsere-reiseziele\/#breadcrumb\"},\"inLanguage\":\"de\",\"potentialAction\":[{\"@type\":\"ReadAction\",\"target\":[\"https:\/\/theasiantrip.com\/de\/unsere-reiseziele\/\"]}]},{\"@type\":\"ImageObject\",\"inLanguage\":\"de\",\"@id\":\"https:\/\/theasiantrip.com\/de\/unsere-reiseziele\/#primaryimage\",\"url\":\"https:\/\/theasiantrip.com\/de\/wp-content\/uploads\/2020\/05\/destination-header.jpg\",\"contentUrl\":\"https:\/\/theasiantrip.com\/de\/wp-content\/uploads\/2020\/05\/destination-header.jpg\",\"width\":1920,\"height\":510},{\"@type\":\"BreadcrumbList\",\"@id\":\"https:\/\/theasiantrip.com\/de\/unsere-reiseziele\/#breadcrumb\",\"itemListElement\":[{\"@type\":\"ListItem\",\"position\":1,\"name\":\"Startseite\",\"item\":\"https:\/\/theasiantrip.com\/de\/\"},{\"@type\":\"ListItem\",\"position\":2,\"name\":\"Unsere Reiseziele\"}]},{\"@type\":\"WebSite\",\"@id\":\"https:\/\/theasiantrip.com\/de\/#website\",\"url\":\"https:\/\/theasiantrip.com\/de\/\",\"name\":\"Home\",\"description\":\"Exklusive Reisen nach Asien\",\"publisher\":{\"@id\":\"https:\/\/theasiantrip.com\/de\/#organization\"},\"potentialAction\":[{\"@type\":\"SearchAction\",\"target\":{\"@type\":\"EntryPoint\",\"urlTemplate\":\"https:\/\/theasiantrip.com\/de\/?s={search_term_string}\"},\"query-input\":{\"@type\":\"PropertyValueSpecification\",\"valueRequired\":true,\"valueName\":\"search_term_string\"}}],\"inLanguage\":\"de\"},{\"@type\":\"Organization\",\"@id\":\"https:\/\/theasiantrip.com\/de\/#organization\",\"name\":\"the asian trip\",\"url\":\"https:\/\/theasiantrip.com\/de\/\",\"logo\":{\"@type\":\"ImageObject\",\"inLanguage\":\"de\",\"@id\":\"https:\/\/theasiantrip.com\/de\/#\/schema\/logo\/image\/\",\"url\":\"https:\/\/theasiantrip.com\/de\/wp-content\/uploads\/2020\/05\/the_asian_trip_Logo_webversion_small_green.gif\",\"contentUrl\":\"https:\/\/theasiantrip.com\/de\/wp-content\/uploads\/2020\/05\/the_asian_trip_Logo_webversion_small_green.gif\",\"width\":266,\"height\":266,\"caption\":\"the asian trip\"},\"image\":{\"@id\":\"https:\/\/theasiantrip.com\/de\/#\/schema\/logo\/image\/\"}}]}<\/script>\n<!-- \/ Yoast SEO plugin. -->","yoast_head_json":{"title":"Unsere Reiseziele - the asian trip","robots":{"index":"index","follow":"follow","max-snippet":"max-snippet:-1","max-image-preview":"max-image-preview:large","max-video-preview":"max-video-preview:-1"},"canonical":"https:\/\/theasiantrip.com\/de\/unsere-reiseziele\/","og_locale":"de_DE","og_type":"article","og_title":"Unsere Reiseziele - the asian trip","og_description":"[&hellip;]","og_url":"https:\/\/theasiantrip.com\/de\/unsere-reiseziele\/","og_site_name":"the asian trip","article_modified_time":"2025-07-30T12:08:03+00:00","og_image":[{"width":1920,"height":510,"url":"https:\/\/theasiantrip.com\/de\/wp-content\/uploads\/2020\/05\/destination-header.jpg","type":"image\/jpeg"}],"twitter_card":"summary_large_image","twitter_misc":{"Gesch\u00e4tzte Lesezeit":"3\u00a0Minuten"},"schema":{"@context":"https:\/\/schema.org","@graph":[{"@type":"WebPage","@id":"https:\/\/theasiantrip.com\/de\/unsere-reiseziele\/","url":"https:\/\/theasiantrip.com\/de\/unsere-reiseziele\/","name":"Unsere Reiseziele - the asian trip","isPartOf":{"@id":"https:\/\/theasiantrip.com\/de\/#website"},"primaryImageOfPage":{"@id":"https:\/\/theasiantrip.com\/de\/unsere-reiseziele\/#primaryimage"},"image":{"@id":"https:\/\/theasiantrip.com\/de\/unsere-reiseziele\/#primaryimage"},"thumbnailUrl":"https:\/\/theasiantrip.com\/de\/wp-content\/uploads\/2020\/05\/destination-header.jpg","datePublished":"2017-08-25T11:27:29+00:00","dateModified":"2025-07-30T12:08:03+00:00","breadcrumb":{"@id":"https:\/\/theasiantrip.com\/de\/unsere-reiseziele\/#breadcrumb"},"inLanguage":"de","potentialAction":[{"@type":"ReadAction","target":["https:\/\/theasiantrip.com\/de\/unsere-reiseziele\/"]}]},{"@type":"ImageObject","inLanguage":"de","@id":"https:\/\/theasiantrip.com\/de\/unsere-reiseziele\/#primaryimage","url":"https:\/\/theasiantrip.com\/de\/wp-content\/uploads\/2020\/05\/destination-header.jpg","contentUrl":"https:\/\/theasiantrip.com\/de\/wp-content\/uploads\/2020\/05\/destination-header.jpg","width":1920,"height":510},{"@type":"BreadcrumbList","@id":"https:\/\/theasiantrip.com\/de\/unsere-reiseziele\/#breadcrumb","itemListElement":[{"@type":"ListItem","position":1,"name":"Startseite","item":"https:\/\/theasiantrip.com\/de\/"},{"@type":"ListItem","position":2,"name":"Unsere Reiseziele"}]},{"@type":"WebSite","@id":"https:\/\/theasiantrip.com\/de\/#website","url":"https:\/\/theasiantrip.com\/de\/","name":"Home","description":"Exklusive Reisen nach Asien","publisher":{"@id":"https:\/\/theasiantrip.com\/de\/#organization"},"potentialAction":[{"@type":"SearchAction","target":{"@type":"EntryPoint","urlTemplate":"https:\/\/theasiantrip.com\/de\/?s={search_term_string}"},"query-input":{"@type":"PropertyValueSpecification","valueRequired":true,"valueName":"search_term_string"}}],"inLanguage":"de"},{"@type":"Organization","@id":"https:\/\/theasiantrip.com\/de\/#organization","name":"the asian trip","url":"https:\/\/theasiantrip.com\/de\/","logo":{"@type":"ImageObject","inLanguage":"de","@id":"https:\/\/theasiantrip.com\/de\/#\/schema\/logo\/image\/","url":"https:\/\/theasiantrip.com\/de\/wp-content\/uploads\/2020\/05\/the_asian_trip_Logo_webversion_small_green.gif","contentUrl":"https:\/\/theasiantrip.com\/de\/wp-content\/uploads\/2020\/05\/the_asian_trip_Logo_webversion_small_green.gif","width":266,"height":266,"caption":"the asian trip"},"image":{"@id":"https:\/\/theasiantrip.com\/de\/#\/schema\/logo\/image\/"}}]}},"_links":{"self":[{"href":"https:\/\/theasiantrip.com\/de\/wp-json\/wp\/v2\/pages\/225","targetHints":{"allow":["GET"]}}],"collection":[{"href":"https:\/\/theasiantrip.com\/de\/wp-json\/wp\/v2\/pages"}],"about":[{"href":"https:\/\/theasiantrip.com\/de\/wp-json\/wp\/v2\/types\/page"}],"author":[{"embeddable":true,"href":"https:\/\/theasiantrip.com\/de\/wp-json\/wp\/v2\/users\/1"}],"replies":[{"embeddable":true,"href":"https:\/\/theasiantrip.com\/de\/wp-json\/wp\/v2\/comments?post=225"}],"version-history":[{"count":69,"href":"https:\/\/theasiantrip.com\/de\/wp-json\/wp\/v2\/pages\/225\/revisions"}],"predecessor-version":[{"id":4853,"href":"https:\/\/theasiantrip.com\/de\/wp-json\/wp\/v2\/pages\/225\/revisions\/4853"}],"wp:featuredmedia":[{"embeddable":true,"href":"https:\/\/theasiantrip.com\/de\/wp-json\/wp\/v2\/media\/3256"}],"wp:attachment":[{"href":"https:\/\/theasiantrip.com\/de\/wp-json\/wp\/v2\/media?parent=225"}],"curies":[{"name":"wp","href":"https:\/\/api.w.org\/{rel}","templated":true}]}}