{"id":1151,"date":"2017-09-08T09:06:25","date_gmt":"2017-09-08T09:06:25","guid":{"rendered":"http:\/\/getaway.select-themes.com\/?page_id=1151"},"modified":"2025-07-30T17:27:58","modified_gmt":"2025-07-30T11:57:58","slug":"unser-team","status":"publish","type":"page","link":"https:\/\/theasiantrip.com\/de\/unser-team\/","title":{"rendered":"\u00dcber Uns"},"content":{"rendered":"<p>[vc_row][vc_column width=&#8220;1\/2&#8243;]<div class=\"qodef-section-title-holder  qodef-st-standard qodef-st-title-left qodef-st-normal-space  \" >\n\t<div class=\"qodef-st-inner\">\n\t\t\t\t\t<h2 class=\"qodef-st-title\" style=\"color: #4e4a3f\">\n\t\t\t\tHerzlich willkommen im Team von the asian trip!\t\t\t<\/h2>\n\t\t\t\t\t<\/div>\n<\/div>[vc_column_text][\/vc_column_text][vc_empty_space height=&#8220;30px&#8220;]<div class=\"qodef-section-title-holder  qodef-st-standard qodef-st-title-left qodef-st-normal-space  \" >\n\t<div class=\"qodef-st-inner\">\n\t\t\t\t\t<h3 class=\"qodef-st-title\" >\n\t\t\t\tUnsere Vorz\u00fcge\t\t\t<\/h3>\n\t\t\t\t\t<\/div>\n<\/div>[vc_column_text]<\/p>\n<ul>\n<li><span style=\"color: #4f3118;\">Langj\u00e4hrige Erfahrung: Dank unserer <strong>langj\u00e4hrigen Branchenerfahrung<\/strong> k\u00f6nnen Sie auf unser tiefes Fachwissen und unsere Kompetenz vertrauen.<\/span><\/li>\n<li><span style=\"color: #4f3118;\">Individuelle Planung: Jede von uns organisierte Reise ist ein <strong>Unikat<\/strong> und wird auf die speziellen Anforderungen jedes Reisenden zugeschnitten. Wir verstehen, dass jeder individuell ist, und gestalten unsere Angebote entsprechend.<\/span><\/li>\n<li><span style=\"color: #4f3118;\">Zufriedene G\u00e4ste: Die <strong>Zufriedenheit unserer G\u00e4ste<\/strong> steht f\u00fcr uns an erster Stelle. Wir freuen uns \u00fcber das positive Feedback und die zahlreichen unvergesslichen Reiseerlebnisse, die wir gemeinsam erm\u00f6glicht haben.<\/span><\/li>\n<\/ul>\n<p>[\/vc_column_text][vc_empty_space height=&#8220;30px&#8220;][\/vc_column][vc_column width=&#8220;1\/2&#8243;][vc_single_image image=&#8220;4032&#8243; img_size=&#8220;full&#8220;][\/vc_column][\/vc_row][vc_row][vc_column width=&#8220;1\/2&#8243;][vc_single_image image=&#8220;4483&#8243; img_size=&#8220;full&#8220;][\/vc_column][vc_column width=&#8220;1\/2&#8243;][vc_empty_space]<div class=\"qodef-section-title-holder  qodef-st-standard qodef-st-title-left qodef-st-normal-space  \" >\n\t<div class=\"qodef-st-inner\">\n\t\t\t\t\t<h3 class=\"qodef-st-title\" style=\"color: #4e4a3f\">\n\t\t\t\tUnsere Mission\t\t\t<\/h3>\n\t\t\t\t\t<\/div>\n<\/div>[vc_column_text]<span style=\"color: #4f3118;\">Unser Ziel ist es nicht nur, Reisen zu organisieren, sondern unvergessliche Erlebnisse zu schaffen. Mit unserer Leidenschaft f\u00fcr das Reisen und unserem Streben nach Exzellenz m\u00f6chten wir Ihre Reisetr\u00e4ume wahr werden lassen.<\/span><\/p>\n<p><span style=\"font-weight: 400; color: #4f3118;\">Als lokale Experten und Expertinnen freuen wir uns darauf, Ihre Reise zu einem unvergesslichen Erlebnis zu machen. Wir verstehen, dass Ihre Reise einzigartig sein soll, und deshalb k\u00f6nnen wir uns nach Ihren W\u00fcnschen richten. Dar\u00fcber hinaus bieten wir gerne unsere lokalen Kenntnisse und Verbindungen an, um Ihnen besondere Vorschl\u00e4ge zu machen. Ob es darum geht, die besten kulinarischen Geheimnisse zu entdecken oder den idealen Zeitpunkt f\u00fcr einen Besuch in einer bestimmten Stadt zu finden \u2013 wir sind hier, um sicherzustellen, dass Ihre Reise <strong>perfekt auf Sie zugeschnitten<\/strong> ist.\u00a0<\/span>[\/vc_column_text][vc_empty_space height=&#8220;30px&#8220;][vc_column_text][\/vc_column_text][\/vc_column][\/vc_row][vc_row][vc_column width=&#8220;1\/2&#8243;][vc_column_text]<span style=\"font-weight: 400; color: #4f3118;\">Mit uns zu reisen bedeutet nicht nur unvergessliche Erlebnisse in faszinierenden Reisezielen zu genie\u00dfen, sondern auch einen direkten Beitrag zur wirtschaftlichen <strong>Entwicklung<\/strong> des besuchten Landes zu leisten. Durch Ihre Buchung bei uns flie\u00dft das finanzielle Engagement unmittelbar in die lokale Wirtschaft, wodurch Sie aktiv zur <strong>Verbesserung der Lebensbedingungen<\/strong> vor Ort beitragen. Entdecken Sie die Welt mit uns und hinterlassen Sie einen nachhaltigen und positiven Einfluss!<\/span><\/p>\n<p><span style=\"font-weight: 400; color: #4f3118;\">F\u00fcr uns sind <strong>zwischenmenschliche Beziehungen<\/strong> von besonderer Bedeutung. Jede Verbindung, die w\u00e4hrend Ihrer Reise entsteht, ist f\u00fcr uns etwas <strong>Heiliges<\/strong>. Wir laden Sie aufrichtig ein, mehr als unsere Kunden zu sein \u2013 wir m\u00f6chten, dass Sie Teil unserer Reisegemeinschaft werden. Bei uns geht es nicht nur um Transaktionen, sondern um authentische Beziehungen. Wir laden Sie ein, nicht nur G\u00e4ste, sondern Freunde zu sein. Kommen Sie zu uns wie in Ihr eigenes Zuhause, und lassen Sie uns gemeinsam eine Tasse Tee trinken. Herzlich willkommen zu einer Reise, die mehr als nur Sehensw\u00fcrdigkeiten bietet \u2013 hier entstehen lebenslange Verbindungen.\u00a0<\/span>[\/vc_column_text][vc_empty_space height=&#8220;30px&#8220;][\/vc_column][vc_column width=&#8220;1\/2&#8243;][vc_single_image image=&#8220;4482&#8243; img_size=&#8220;full&#8220;][\/vc_column][\/vc_row][vc_row][vc_column width=&#8220;1\/2&#8243;][vc_empty_space][vc_single_image image=&#8220;2857&#8243; img_size=&#8220;full&#8220;][vc_empty_space][\/vc_column][vc_column width=&#8220;1\/2&#8243;][vc_empty_space]<div class=\"qodef-section-title-holder  qodef-st-standard qodef-st-title-left qodef-st-normal-space  \" >\n\t<div class=\"qodef-st-inner\">\n\t\t\t\t\t<h2 class=\"qodef-st-title\" style=\"color: #4e4a3f\">\n\t\t\t\tKontaktieren Sie uns\t\t\t<\/h2>\n\t\t\t\t\t<\/div>\n<\/div>[vc_column_text]<span style=\"color: #4f3118;\">Unser Team steht Ihnen gerne zur Verf\u00fcgung, um Ihre individuellen Reisew\u00fcnsche zu besprechen und die perfekte Reise f\u00fcr Sie zu gestalten. Treten Sie mit uns in Verbindung, und lassen Sie uns gemeinsam Ihr n\u00e4chstes Abenteuer planen!<\/span><\/p>\n<p><span style=\"color: #4f3118;\"><strong>Wir freuen uns darauf, Sie auf Ihrer Reise zu begleiten!<\/strong><\/span>[\/vc_column_text][vc_empty_space height=&#8220;30px&#8220;][\/vc_column][\/vc_row]<\/p>\n","protected":false},"excerpt":{"rendered":"<p> [&hellip;]<\/p>\n","protected":false},"author":1,"featured_media":0,"parent":0,"menu_order":0,"comment_status":"closed","ping_status":"closed","template":"","meta":{"footnotes":""},"class_list":["post-1151","page","type-page","status-publish","hentry"],"yoast_head":"<!-- This site is optimized with the Yoast SEO plugin v23.9 - https:\/\/yoast.com\/wordpress\/plugins\/seo\/ -->\n<title>\u00dcber Uns - the asian trip<\/title>\n<meta name=\"robots\" content=\"index, follow, max-snippet:-1, max-image-preview:large, max-video-preview:-1\" \/>\n<link rel=\"canonical\" href=\"https:\/\/theasiantrip.com\/de\/unser-team\/\" \/>\n<meta property=\"og:locale\" content=\"de_DE\" \/>\n<meta property=\"og:type\" content=\"article\" \/>\n<meta property=\"og:title\" content=\"\u00dcber Uns - the asian trip\" \/>\n<meta property=\"og:description\" content=\"[&hellip;]\" \/>\n<meta property=\"og:url\" content=\"https:\/\/theasiantrip.com\/de\/unser-team\/\" \/>\n<meta property=\"og:site_name\" content=\"the asian trip\" \/>\n<meta property=\"article:modified_time\" content=\"2025-07-30T11:57:58+00:00\" \/>\n<meta name=\"twitter:card\" content=\"summary_large_image\" \/>\n<meta name=\"twitter:label1\" content=\"Gesch\u00e4tzte Lesezeit\" \/>\n\t<meta name=\"twitter:data1\" content=\"3\u00a0Minuten\" \/>\n<script type=\"application\/ld+json\" class=\"yoast-schema-graph\">{\"@context\":\"https:\/\/schema.org\",\"@graph\":[{\"@type\":\"WebPage\",\"@id\":\"https:\/\/theasiantrip.com\/de\/unser-team\/\",\"url\":\"https:\/\/theasiantrip.com\/de\/unser-team\/\",\"name\":\"\u00dcber Uns - the asian trip\",\"isPartOf\":{\"@id\":\"https:\/\/theasiantrip.com\/de\/#website\"},\"datePublished\":\"2017-09-08T09:06:25+00:00\",\"dateModified\":\"2025-07-30T11:57:58+00:00\",\"breadcrumb\":{\"@id\":\"https:\/\/theasiantrip.com\/de\/unser-team\/#breadcrumb\"},\"inLanguage\":\"de\",\"potentialAction\":[{\"@type\":\"ReadAction\",\"target\":[\"https:\/\/theasiantrip.com\/de\/unser-team\/\"]}]},{\"@type\":\"BreadcrumbList\",\"@id\":\"https:\/\/theasiantrip.com\/de\/unser-team\/#breadcrumb\",\"itemListElement\":[{\"@type\":\"ListItem\",\"position\":1,\"name\":\"Startseite\",\"item\":\"https:\/\/theasiantrip.com\/de\/\"},{\"@type\":\"ListItem\",\"position\":2,\"name\":\"\u00dcber Uns\"}]},{\"@type\":\"WebSite\",\"@id\":\"https:\/\/theasiantrip.com\/de\/#website\",\"url\":\"https:\/\/theasiantrip.com\/de\/\",\"name\":\"Home\",\"description\":\"Exklusive Reisen nach Asien\",\"publisher\":{\"@id\":\"https:\/\/theasiantrip.com\/de\/#organization\"},\"potentialAction\":[{\"@type\":\"SearchAction\",\"target\":{\"@type\":\"EntryPoint\",\"urlTemplate\":\"https:\/\/theasiantrip.com\/de\/?s={search_term_string}\"},\"query-input\":{\"@type\":\"PropertyValueSpecification\",\"valueRequired\":true,\"valueName\":\"search_term_string\"}}],\"inLanguage\":\"de\"},{\"@type\":\"Organization\",\"@id\":\"https:\/\/theasiantrip.com\/de\/#organization\",\"name\":\"the asian trip\",\"url\":\"https:\/\/theasiantrip.com\/de\/\",\"logo\":{\"@type\":\"ImageObject\",\"inLanguage\":\"de\",\"@id\":\"https:\/\/theasiantrip.com\/de\/#\/schema\/logo\/image\/\",\"url\":\"https:\/\/theasiantrip.com\/de\/wp-content\/uploads\/2020\/05\/the_asian_trip_Logo_webversion_small_green.gif\",\"contentUrl\":\"https:\/\/theasiantrip.com\/de\/wp-content\/uploads\/2020\/05\/the_asian_trip_Logo_webversion_small_green.gif\",\"width\":266,\"height\":266,\"caption\":\"the asian trip\"},\"image\":{\"@id\":\"https:\/\/theasiantrip.com\/de\/#\/schema\/logo\/image\/\"}}]}<\/script>\n<!-- \/ Yoast SEO plugin. -->","yoast_head_json":{"title":"\u00dcber Uns - the asian trip","robots":{"index":"index","follow":"follow","max-snippet":"max-snippet:-1","max-image-preview":"max-image-preview:large","max-video-preview":"max-video-preview:-1"},"canonical":"https:\/\/theasiantrip.com\/de\/unser-team\/","og_locale":"de_DE","og_type":"article","og_title":"\u00dcber Uns - the asian trip","og_description":"[&hellip;]","og_url":"https:\/\/theasiantrip.com\/de\/unser-team\/","og_site_name":"the asian trip","article_modified_time":"2025-07-30T11:57:58+00:00","twitter_card":"summary_large_image","twitter_misc":{"Gesch\u00e4tzte Lesezeit":"3\u00a0Minuten"},"schema":{"@context":"https:\/\/schema.org","@graph":[{"@type":"WebPage","@id":"https:\/\/theasiantrip.com\/de\/unser-team\/","url":"https:\/\/theasiantrip.com\/de\/unser-team\/","name":"\u00dcber Uns - the asian trip","isPartOf":{"@id":"https:\/\/theasiantrip.com\/de\/#website"},"datePublished":"2017-09-08T09:06:25+00:00","dateModified":"2025-07-30T11:57:58+00:00","breadcrumb":{"@id":"https:\/\/theasiantrip.com\/de\/unser-team\/#breadcrumb"},"inLanguage":"de","potentialAction":[{"@type":"ReadAction","target":["https:\/\/theasiantrip.com\/de\/unser-team\/"]}]},{"@type":"BreadcrumbList","@id":"https:\/\/theasiantrip.com\/de\/unser-team\/#breadcrumb","itemListElement":[{"@type":"ListItem","position":1,"name":"Startseite","item":"https:\/\/theasiantrip.com\/de\/"},{"@type":"ListItem","position":2,"name":"\u00dcber Uns"}]},{"@type":"WebSite","@id":"https:\/\/theasiantrip.com\/de\/#website","url":"https:\/\/theasiantrip.com\/de\/","name":"Home","description":"Exklusive Reisen nach Asien","publisher":{"@id":"https:\/\/theasiantrip.com\/de\/#organization"},"potentialAction":[{"@type":"SearchAction","target":{"@type":"EntryPoint","urlTemplate":"https:\/\/theasiantrip.com\/de\/?s={search_term_string}"},"query-input":{"@type":"PropertyValueSpecification","valueRequired":true,"valueName":"search_term_string"}}],"inLanguage":"de"},{"@type":"Organization","@id":"https:\/\/theasiantrip.com\/de\/#organization","name":"the asian trip","url":"https:\/\/theasiantrip.com\/de\/","logo":{"@type":"ImageObject","inLanguage":"de","@id":"https:\/\/theasiantrip.com\/de\/#\/schema\/logo\/image\/","url":"https:\/\/theasiantrip.com\/de\/wp-content\/uploads\/2020\/05\/the_asian_trip_Logo_webversion_small_green.gif","contentUrl":"https:\/\/theasiantrip.com\/de\/wp-content\/uploads\/2020\/05\/the_asian_trip_Logo_webversion_small_green.gif","width":266,"height":266,"caption":"the asian trip"},"image":{"@id":"https:\/\/theasiantrip.com\/de\/#\/schema\/logo\/image\/"}}]}},"_links":{"self":[{"href":"https:\/\/theasiantrip.com\/de\/wp-json\/wp\/v2\/pages\/1151","targetHints":{"allow":["GET"]}}],"collection":[{"href":"https:\/\/theasiantrip.com\/de\/wp-json\/wp\/v2\/pages"}],"about":[{"href":"https:\/\/theasiantrip.com\/de\/wp-json\/wp\/v2\/types\/page"}],"author":[{"embeddable":true,"href":"https:\/\/theasiantrip.com\/de\/wp-json\/wp\/v2\/users\/1"}],"replies":[{"embeddable":true,"href":"https:\/\/theasiantrip.com\/de\/wp-json\/wp\/v2\/comments?post=1151"}],"version-history":[{"count":43,"href":"https:\/\/theasiantrip.com\/de\/wp-json\/wp\/v2\/pages\/1151\/revisions"}],"predecessor-version":[{"id":4851,"href":"https:\/\/theasiantrip.com\/de\/wp-json\/wp\/v2\/pages\/1151\/revisions\/4851"}],"wp:attachment":[{"href":"https:\/\/theasiantrip.com\/de\/wp-json\/wp\/v2\/media?parent=1151"}],"curies":[{"name":"wp","href":"https:\/\/api.w.org\/{rel}","templated":true}]}}