{"id":1138,"date":"2017-09-08T08:33:03","date_gmt":"2017-09-08T08:33:03","guid":{"rendered":"http:\/\/getaway.select-themes.com\/?page_id=1138"},"modified":"2025-07-30T11:50:20","modified_gmt":"2025-07-30T06:20:20","slug":"faq-page","status":"publish","type":"page","link":"https:\/\/theasiantrip.com\/de\/faq-page\/","title":{"rendered":"FAQ"},"content":{"rendered":"<p>[vc_row css=&#8220;.vc_custom_1504860795251{padding-bottom: 75px !important;}&#8220;][vc_column]<div class=\"qodef-elements-holder   qodef-one-column  qodef-responsive-mode-768 \" ><div class=\"qodef-eh-item     \"  data-item-class=\"qodef-eh-custom-5567\" data-1024-1280=\"0 7% 45px 0\" data-680=\"0 0 45px 0\">\n\t<div class=\"qodef-eh-item-inner\">\n\t\t<div class=\"qodef-eh-item-content qodef-eh-custom-5567\" style=\"padding: 0 6% 45px 0\">\n\t\t\t[vc_column_text]<\/p>\n<h2><span style=\"color: #4e4a3f;\">H\u00e4ufig gestellte Fragen<\/span><\/h2>\n<h5><\/h5>\n<p>[\/vc_column_text]\t\t<\/div>\n\t<\/div>\n\t<\/div><\/div><div class=\"qodef-accordion-holder qodef-ac-default  qodef-accordion qodef-ac-simple  clearfix\">\n\t<p class=\"qodef-accordion-title\">\n    <span class=\"qodef-accordion-mark\">\n\t\t<span class=\"qodef_icon_plus ion-chevron-down\"><\/span>\n\t\t<span class=\"qodef_icon_minus ion-chevron-up\"><\/span>\n\t<\/span>\n\t<span class=\"qodef-tab-title\">Was ist eure Philosophie?<\/span>\n<\/p>\n<div class=\"qodef-accordion-content\">\n\t<div class=\"qodef-accordion-content-inner\">\n\t\t[vc_column_text]<span style=\"font-size: 12pt; color: #4f3118;\">Wir sind ein Team aus internanationalen Reiseexperten und -expertinnen. Wir planen gemeinsam mit Ihnen Ihre Traumreise in eine unserer Reiseziele. Haben Sie Fragen zu Ihrer Reiseplanung?<\/span><\/p>\n<h5><span style=\"color: #4f3118; font-size: 12pt;\">Hier erhalten Sie alle Informationen von der Reiseplanung bis zu Ihrer Ankunft vor Ort. Wir unterst\u00fctzen Sie gerne bei der Reiseplanung. Sie k\u00f6nnen uns nat\u00fcrlich auch direkt per E-Mail kontaktieren, oder rufen Sie uns gerne an unter: +919871011035.<\/span><\/h5>\n<p>[\/vc_column_text]\t<\/div>\n<\/div><p class=\"qodef-accordion-title\">\n    <span class=\"qodef-accordion-mark\">\n\t\t<span class=\"qodef_icon_plus ion-chevron-down\"><\/span>\n\t\t<span class=\"qodef_icon_minus ion-chevron-up\"><\/span>\n\t<\/span>\n\t<span class=\"qodef-tab-title\">Wie stelle ich eine Reiseanfrage?<\/span>\n<\/p>\n<div class=\"qodef-accordion-content\">\n\t<div class=\"qodef-accordion-content-inner\">\n\t\t[vc_column_text]<span style=\"color: #4f3118;\">Nutzen Sie einfach unser Kontaktformular:<\/span>[\/vc_column_text]\n<div class=\"wpcf7 no-js\" id=\"wpcf7-f5-o1\" lang=\"en-US\" dir=\"ltr\" data-wpcf7-id=\"5\">\n<div class=\"screen-reader-response\"><p role=\"status\" aria-live=\"polite\" aria-atomic=\"true\"><\/p> <ul><\/ul><\/div>\n<form action=\"\/de\/wp-json\/wp\/v2\/pages\/1138#wpcf7-f5-o1\" method=\"post\" class=\"wpcf7-form init\" aria-label=\"Contact form\" novalidate=\"novalidate\" data-status=\"init\">\n<fieldset class=\"hidden-fields-container\"><input type=\"hidden\" name=\"_wpcf7\" value=\"5\" \/><input type=\"hidden\" name=\"_wpcf7_version\" value=\"6.1.3\" \/><input type=\"hidden\" name=\"_wpcf7_locale\" value=\"en_US\" \/><input type=\"hidden\" name=\"_wpcf7_unit_tag\" value=\"wpcf7-f5-o1\" \/><input type=\"hidden\" name=\"_wpcf7_container_post\" value=\"0\" \/><input type=\"hidden\" name=\"_wpcf7_posted_data_hash\" value=\"\" \/>\n<\/fieldset>\n<p><label> Ihr Name (erforderlich)<br \/>\n<span class=\"wpcf7-form-control-wrap\" data-name=\"ihe-name\"><input size=\"40\" maxlength=\"400\" class=\"wpcf7-form-control wpcf7-text wpcf7-validates-as-required\" aria-required=\"true\" aria-invalid=\"false\" value=\"\" type=\"text\" name=\"ihe-name\" \/><\/span> <\/label>\n<\/p>\n<p><label> Ihre Email (erforderlich)<br \/>\n<span class=\"wpcf7-form-control-wrap\" data-name=\"ihew-email\"><input size=\"40\" maxlength=\"400\" class=\"wpcf7-form-control wpcf7-email wpcf7-validates-as-required wpcf7-text wpcf7-validates-as-email\" aria-required=\"true\" aria-invalid=\"false\" value=\"\" type=\"email\" name=\"ihew-email\" \/><\/span> <\/label>\n<\/p>\n<p><label> Telefon\/Handynummer\/WhatsApp<br \/>\n<span class=\"wpcf7-form-control-wrap\" data-name=\"mobile\"><input size=\"40\" maxlength=\"400\" class=\"wpcf7-form-control wpcf7-tel wpcf7-text wpcf7-validates-as-tel\" aria-invalid=\"false\" value=\"\" type=\"tel\" name=\"mobile\" \/><\/span> <\/label>\n<\/p>\n<p><label> Ihre Nachricht<br \/>\n<span class=\"wpcf7-form-control-wrap\" data-name=\"ihre-nachricht\"><textarea cols=\"40\" rows=\"10\" maxlength=\"2000\" class=\"wpcf7-form-control wpcf7-textarea\" aria-invalid=\"false\" name=\"ihre-nachricht\"><\/textarea><\/span> <\/label>\n<\/p>\n<p><input class=\"wpcf7-form-control wpcf7-submit has-spinner\" type=\"submit\" value=\"Senden\" \/>\n<\/p><div class=\"wpcf7-response-output\" aria-hidden=\"true\"><\/div>\n<\/form>\n<\/div>\n\t<\/div>\n<\/div><p class=\"qodef-accordion-title\">\n    <span class=\"qodef-accordion-mark\">\n\t\t<span class=\"qodef_icon_plus ion-chevron-down\"><\/span>\n\t\t<span class=\"qodef_icon_minus ion-chevron-up\"><\/span>\n\t<\/span>\n\t<span class=\"qodef-tab-title\">Wie buche ich meine Reise?<\/span>\n<\/p>\n<div class=\"qodef-accordion-content\">\n\t<div class=\"qodef-accordion-content-inner\">\n\t\t[vc_column_text]<span style=\"color: #4f3118;\">Nachdem die Reise auf Ihre Reisew\u00fcnsche angepasst wurde, senden wir Ihnen einen Link zur Buchung Ihrer Reise zu. \u00dcber diesen Link k\u00f6nnen Sie Ihre Reise buchen. Bei der Buchung der Reise ist eine Anzahlung in H\u00f6he von 30% f\u00e4llig.<\/span>[\/vc_column_text]\t<\/div>\n<\/div><p class=\"qodef-accordion-title\">\n    <span class=\"qodef-accordion-mark\">\n\t\t<span class=\"qodef_icon_plus ion-chevron-down\"><\/span>\n\t\t<span class=\"qodef_icon_minus ion-chevron-up\"><\/span>\n\t<\/span>\n\t<span class=\"qodef-tab-title\">Wie erhalte ich mein Visum f\u00fcr die Einreise?<\/span>\n<\/p>\n<div class=\"qodef-accordion-content\">\n\t<div class=\"qodef-accordion-content-inner\">\n\t\t[vc_column_text]<span style=\"color: #4f3118;\">Wir unterst\u00fctzen und beraten Sie gerne \u00fcber Ihr Visum.<\/span>[\/vc_column_text]\t<\/div>\n<\/div><p class=\"qodef-accordion-title\">\n    <span class=\"qodef-accordion-mark\">\n\t\t<span class=\"qodef_icon_plus ion-chevron-down\"><\/span>\n\t\t<span class=\"qodef_icon_minus ion-chevron-up\"><\/span>\n\t<\/span>\n\t<span class=\"qodef-tab-title\">Wie zahle ich f\u00fcr meine Reise?<\/span>\n<\/p>\n<div class=\"qodef-accordion-content\">\n\t<div class=\"qodef-accordion-content-inner\">\n\t\t[vc_column_text]<span style=\"color: #4f3118;\">Mit der Buchung der Reise ist eine Anzahlung in H\u00f6he von 30% f\u00e4llig. 60 Tage vor Reiseantritt ist die Restzahlung f\u00e4llig. Sie k\u00f6nnen w\u00e4hlen, ob Sie die Reise auf unser deutsches Konto \u00fcberweisen m\u00f6chten oder mit Kreditkarte \u00fcber unsere Webseite bezahlen m\u00f6chten.<\/span>[\/vc_column_text]\t<\/div>\n<\/div><p class=\"qodef-accordion-title\">\n    <span class=\"qodef-accordion-mark\">\n\t\t<span class=\"qodef_icon_plus ion-chevron-down\"><\/span>\n\t\t<span class=\"qodef_icon_minus ion-chevron-up\"><\/span>\n\t<\/span>\n\t<span class=\"qodef-tab-title\">Wer ist mein Ansprechpartner vor Ort?<\/span>\n<\/p>\n<div class=\"qodef-accordion-content\">\n\t<div class=\"qodef-accordion-content-inner\">\n\t\t[vc_column_text]<span style=\"color: #4f3118;\">Wir sind Ihr Ansprechpartner vor Ort. Schon w\u00e4hrend der Reiseplanung erhalten Sie von uns unsere Kontaktdaten. Sie k\u00f6nnen uns jederzeit telefonisch oder per E-Mail erreichen. Wir sind immer pers\u00f6nlich f\u00fcr Sie da.<\/span>[\/vc_column_text]\t<\/div>\n<\/div><p class=\"qodef-accordion-title\">\n    <span class=\"qodef-accordion-mark\">\n\t\t<span class=\"qodef_icon_plus ion-chevron-down\"><\/span>\n\t\t<span class=\"qodef_icon_minus ion-chevron-up\"><\/span>\n\t<\/span>\n\t<span class=\"qodef-tab-title\">Wie kann ich meine Reise stornieren?<\/span>\n<\/p>\n<div class=\"qodef-accordion-content\">\n\t<div class=\"qodef-accordion-content-inner\">\n\t\t[vc_column_text]<span style=\"color: #4f3118;\">Es gelten die Stornobedingungen nach Vertrag.<\/span>[\/vc_column_text]\t<\/div>\n<\/div><p class=\"qodef-accordion-title\">\n    <span class=\"qodef-accordion-mark\">\n\t\t<span class=\"qodef_icon_plus ion-chevron-down\"><\/span>\n\t\t<span class=\"qodef_icon_minus ion-chevron-up\"><\/span>\n\t<\/span>\n\t<span class=\"qodef-tab-title\">Nach welchen Kriterien werden die Hotels ausgesucht?<\/span>\n<\/p>\n<div class=\"qodef-accordion-content\">\n\t<div class=\"qodef-accordion-content-inner\">\n\t\t[vc_column_text]<span style=\"color: #4f3118;\">Wir suchen die Hotels nach handverlesen Kriterien aus und kennen jedes Hotel. Qualit\u00e4t und Service stehen f\u00fcr uns an erster Stelle.<\/span>[\/vc_column_text]\t<\/div>\n<\/div><p class=\"qodef-accordion-title\">\n    <span class=\"qodef-accordion-mark\">\n\t\t<span class=\"qodef_icon_plus ion-chevron-down\"><\/span>\n\t\t<span class=\"qodef_icon_minus ion-chevron-up\"><\/span>\n\t<\/span>\n\t<span class=\"qodef-tab-title\">Sind Fl\u00fcge im Reisepreis inkludiert?<\/span>\n<\/p>\n<div class=\"qodef-accordion-content\">\n\t<div class=\"qodef-accordion-content-inner\">\n\t\t[vc_column_text]<span style=\"color: #4f3118;\">All unsere Reisevorschl\u00e4ge sind ohne internationale Fl\u00fcge. Sollten Sie Interesse haben Fl\u00fcge \u00fcber uns zu buchen, sprechen Sie uns gerne an.<\/span>[\/vc_column_text]\t<\/div>\n<\/div><\/div>[\/vc_column][\/vc_row]<\/p>\n","protected":false},"excerpt":{"rendered":"<p> [&hellip;]<\/p>\n","protected":false},"author":1,"featured_media":0,"parent":0,"menu_order":0,"comment_status":"closed","ping_status":"closed","template":"","meta":{"footnotes":""},"class_list":["post-1138","page","type-page","status-publish","hentry"],"yoast_head":"<!-- This site is optimized with the Yoast SEO plugin v23.9 - https:\/\/yoast.com\/wordpress\/plugins\/seo\/ -->\n<title>FAQ - the asian trip<\/title>\n<meta name=\"robots\" content=\"index, follow, max-snippet:-1, max-image-preview:large, max-video-preview:-1\" \/>\n<link rel=\"canonical\" href=\"https:\/\/theasiantrip.com\/de\/faq-page\/\" \/>\n<meta property=\"og:locale\" content=\"de_DE\" \/>\n<meta property=\"og:type\" content=\"article\" \/>\n<meta property=\"og:title\" content=\"FAQ - the asian trip\" \/>\n<meta property=\"og:description\" content=\"[&hellip;]\" \/>\n<meta property=\"og:url\" content=\"https:\/\/theasiantrip.com\/de\/faq-page\/\" \/>\n<meta property=\"og:site_name\" content=\"the asian trip\" \/>\n<meta property=\"article:modified_time\" content=\"2025-07-30T06:20:20+00:00\" \/>\n<meta name=\"twitter:card\" content=\"summary_large_image\" \/>\n<meta name=\"twitter:label1\" content=\"Gesch\u00e4tzte Lesezeit\" \/>\n\t<meta name=\"twitter:data1\" content=\"2\u00a0Minuten\" \/>\n<script type=\"application\/ld+json\" class=\"yoast-schema-graph\">{\"@context\":\"https:\/\/schema.org\",\"@graph\":[{\"@type\":\"WebPage\",\"@id\":\"https:\/\/theasiantrip.com\/de\/faq-page\/\",\"url\":\"https:\/\/theasiantrip.com\/de\/faq-page\/\",\"name\":\"FAQ - the asian trip\",\"isPartOf\":{\"@id\":\"https:\/\/theasiantrip.com\/de\/#website\"},\"datePublished\":\"2017-09-08T08:33:03+00:00\",\"dateModified\":\"2025-07-30T06:20:20+00:00\",\"breadcrumb\":{\"@id\":\"https:\/\/theasiantrip.com\/de\/faq-page\/#breadcrumb\"},\"inLanguage\":\"de\",\"potentialAction\":[{\"@type\":\"ReadAction\",\"target\":[\"https:\/\/theasiantrip.com\/de\/faq-page\/\"]}]},{\"@type\":\"BreadcrumbList\",\"@id\":\"https:\/\/theasiantrip.com\/de\/faq-page\/#breadcrumb\",\"itemListElement\":[{\"@type\":\"ListItem\",\"position\":1,\"name\":\"Startseite\",\"item\":\"https:\/\/theasiantrip.com\/de\/\"},{\"@type\":\"ListItem\",\"position\":2,\"name\":\"FAQ\"}]},{\"@type\":\"WebSite\",\"@id\":\"https:\/\/theasiantrip.com\/de\/#website\",\"url\":\"https:\/\/theasiantrip.com\/de\/\",\"name\":\"Home\",\"description\":\"Exklusive Reisen nach Asien\",\"publisher\":{\"@id\":\"https:\/\/theasiantrip.com\/de\/#organization\"},\"potentialAction\":[{\"@type\":\"SearchAction\",\"target\":{\"@type\":\"EntryPoint\",\"urlTemplate\":\"https:\/\/theasiantrip.com\/de\/?s={search_term_string}\"},\"query-input\":{\"@type\":\"PropertyValueSpecification\",\"valueRequired\":true,\"valueName\":\"search_term_string\"}}],\"inLanguage\":\"de\"},{\"@type\":\"Organization\",\"@id\":\"https:\/\/theasiantrip.com\/de\/#organization\",\"name\":\"the asian trip\",\"url\":\"https:\/\/theasiantrip.com\/de\/\",\"logo\":{\"@type\":\"ImageObject\",\"inLanguage\":\"de\",\"@id\":\"https:\/\/theasiantrip.com\/de\/#\/schema\/logo\/image\/\",\"url\":\"https:\/\/theasiantrip.com\/de\/wp-content\/uploads\/2020\/05\/the_asian_trip_Logo_webversion_small_green.gif\",\"contentUrl\":\"https:\/\/theasiantrip.com\/de\/wp-content\/uploads\/2020\/05\/the_asian_trip_Logo_webversion_small_green.gif\",\"width\":266,\"height\":266,\"caption\":\"the asian trip\"},\"image\":{\"@id\":\"https:\/\/theasiantrip.com\/de\/#\/schema\/logo\/image\/\"}}]}<\/script>\n<!-- \/ Yoast SEO plugin. -->","yoast_head_json":{"title":"FAQ - the asian trip","robots":{"index":"index","follow":"follow","max-snippet":"max-snippet:-1","max-image-preview":"max-image-preview:large","max-video-preview":"max-video-preview:-1"},"canonical":"https:\/\/theasiantrip.com\/de\/faq-page\/","og_locale":"de_DE","og_type":"article","og_title":"FAQ - the asian trip","og_description":"[&hellip;]","og_url":"https:\/\/theasiantrip.com\/de\/faq-page\/","og_site_name":"the asian trip","article_modified_time":"2025-07-30T06:20:20+00:00","twitter_card":"summary_large_image","twitter_misc":{"Gesch\u00e4tzte Lesezeit":"2\u00a0Minuten"},"schema":{"@context":"https:\/\/schema.org","@graph":[{"@type":"WebPage","@id":"https:\/\/theasiantrip.com\/de\/faq-page\/","url":"https:\/\/theasiantrip.com\/de\/faq-page\/","name":"FAQ - the asian trip","isPartOf":{"@id":"https:\/\/theasiantrip.com\/de\/#website"},"datePublished":"2017-09-08T08:33:03+00:00","dateModified":"2025-07-30T06:20:20+00:00","breadcrumb":{"@id":"https:\/\/theasiantrip.com\/de\/faq-page\/#breadcrumb"},"inLanguage":"de","potentialAction":[{"@type":"ReadAction","target":["https:\/\/theasiantrip.com\/de\/faq-page\/"]}]},{"@type":"BreadcrumbList","@id":"https:\/\/theasiantrip.com\/de\/faq-page\/#breadcrumb","itemListElement":[{"@type":"ListItem","position":1,"name":"Startseite","item":"https:\/\/theasiantrip.com\/de\/"},{"@type":"ListItem","position":2,"name":"FAQ"}]},{"@type":"WebSite","@id":"https:\/\/theasiantrip.com\/de\/#website","url":"https:\/\/theasiantrip.com\/de\/","name":"Home","description":"Exklusive Reisen nach Asien","publisher":{"@id":"https:\/\/theasiantrip.com\/de\/#organization"},"potentialAction":[{"@type":"SearchAction","target":{"@type":"EntryPoint","urlTemplate":"https:\/\/theasiantrip.com\/de\/?s={search_term_string}"},"query-input":{"@type":"PropertyValueSpecification","valueRequired":true,"valueName":"search_term_string"}}],"inLanguage":"de"},{"@type":"Organization","@id":"https:\/\/theasiantrip.com\/de\/#organization","name":"the asian trip","url":"https:\/\/theasiantrip.com\/de\/","logo":{"@type":"ImageObject","inLanguage":"de","@id":"https:\/\/theasiantrip.com\/de\/#\/schema\/logo\/image\/","url":"https:\/\/theasiantrip.com\/de\/wp-content\/uploads\/2020\/05\/the_asian_trip_Logo_webversion_small_green.gif","contentUrl":"https:\/\/theasiantrip.com\/de\/wp-content\/uploads\/2020\/05\/the_asian_trip_Logo_webversion_small_green.gif","width":266,"height":266,"caption":"the asian trip"},"image":{"@id":"https:\/\/theasiantrip.com\/de\/#\/schema\/logo\/image\/"}}]}},"_links":{"self":[{"href":"https:\/\/theasiantrip.com\/de\/wp-json\/wp\/v2\/pages\/1138","targetHints":{"allow":["GET"]}}],"collection":[{"href":"https:\/\/theasiantrip.com\/de\/wp-json\/wp\/v2\/pages"}],"about":[{"href":"https:\/\/theasiantrip.com\/de\/wp-json\/wp\/v2\/types\/page"}],"author":[{"embeddable":true,"href":"https:\/\/theasiantrip.com\/de\/wp-json\/wp\/v2\/users\/1"}],"replies":[{"embeddable":true,"href":"https:\/\/theasiantrip.com\/de\/wp-json\/wp\/v2\/comments?post=1138"}],"version-history":[{"count":20,"href":"https:\/\/theasiantrip.com\/de\/wp-json\/wp\/v2\/pages\/1138\/revisions"}],"predecessor-version":[{"id":4813,"href":"https:\/\/theasiantrip.com\/de\/wp-json\/wp\/v2\/pages\/1138\/revisions\/4813"}],"wp:attachment":[{"href":"https:\/\/theasiantrip.com\/de\/wp-json\/wp\/v2\/media?parent=1138"}],"curies":[{"name":"wp","href":"https:\/\/api.w.org\/{rel}","templated":true}]}}